{"id":764,"date":"2021-12-08T20:33:17","date_gmt":"2021-12-08T20:33:17","guid":{"rendered":"https:\/\/gpsites.co\/construction\/?page_id=31"},"modified":"2023-03-17T14:52:23","modified_gmt":"2023-03-17T06:52:23","slug":"empresa","status":"publish","type":"page","link":"https:\/\/szfertilizermachine.com\/es\/company\/","title":{"rendered":"Empresa"},"content":{"rendered":"<div class=\"gb-container gb-container-e36cb5b5\"><div class=\"gb-inside-container\">\n\n<h2 class=\"gb-headline gb-headline-f06754a0 gb-headline-text\">Nuestra empresa<\/h2>\n\n<\/div><\/div>\n\n<div class=\"gb-container gb-container-d35ae499\"><div class=\"gb-inside-container\">\n\n<p class=\"gb-headline gb-headline-9f5bb24c gb-headline-text\"> Como fabricante l\u00edder de la l\u00ednea de producci\u00f3n de fertilizantes y todos los productos auxiliares, Shunzhi intenta ofrecer los mejores productos de calidad, as\u00ed como servicios c\u00e1lidos para usted. Somos l\u00edderes en todo el mercado de fertilizantes por m\u00e1s de 30 a\u00f1os. Conf\u00ede en nosotros y nunca se equivocar\u00e1. <\/p>\n\n\n<div class=\"gb-grid-wrapper gb-grid-wrapper-a301a3e5\">\n<div class=\"gb-grid-column gb-grid-column-01b6276d\"><div class=\"gb-container gb-container-01b6276d\"><div class=\"gb-inside-container\">\n\n<h5 class=\"gb-headline gb-headline-ebe21408\"><span class=\"gb-icon\"><svg height=\"512\" width=\"512\" viewbox=\"0 0 24 24\" data-name=\"Layer 1\" id=\"Layer_1\" xmlns=\"http:\/\/www.w3.org\/2000\/svg\"><path d=\"M12,16a4,4,0,1,1,4-4A4,4,0,0,1,12,16ZM5.683,16H1a1,1,0,0,1-1-1A6.022,6.022,0,0,1,5.131,9.084a1,1,0,0,1,1.1,1.266A6.009,6.009,0,0,0,6,12a5.937,5.937,0,0,0,.586,2.57,1,1,0,0,1-.9,1.43ZM17,24H7a1,1,0,0,1-1-1,6,6,0,0,1,12,0A1,1,0,0,1,17,24ZM18,8a4,4,0,1,1,4-4A4,4,0,0,1,18,8ZM6,8a4,4,0,1,1,4-4A4,4,0,0,1,6,8Zm17,8H18.317a1,1,0,0,1-.9-1.43A5.937,5.937,0,0,0,18,12a6.009,6.009,0,0,0-.236-1.65,1,1,0,0,1,1.105-1.266A6.022,6.022,0,0,1,24,15,1,1,0,0,1,23,16Z\"><\/path><\/svg><\/span><span class=\"gb-headline-text\">Equipo profesional<\/span><\/h5>\n\n\n\n<p class=\"gb-headline gb-headline-48d0148f gb-headline-text\">Henan Shunzhi cuenta con miles de empleados, incluidos el equipo de producci\u00f3n, el equipo de montaje, el equipo de ventas y el equipo de ingenieros profesionales.<\/p>\n\n<\/div><\/div><\/div>\n\n<div class=\"gb-grid-column gb-grid-column-fd2ea4f2\"><div class=\"gb-container gb-container-fd2ea4f2\"><div class=\"gb-inside-container\">\n\n<h5 class=\"gb-headline gb-headline-a858c3d9\"><span class=\"gb-icon\"><svg data-name=\"Layer 1\" xmlns=\"http:\/\/www.w3.org\/2000\/svg\" width=\"512\" viewbox=\"0 0 24 24\" height=\"512\" id=\"Layer_1\"><path d=\"m14.6 21.3c-.3.226-.619.464-.89.7h2.29a1 1 0 0 1 0 2h-4a1 1 0 0 1 -1-1c0-1.5 1.275-2.456 2.4-3.3.75-.562 1.6-1.2 1.6-1.7a1 1 0 0 0 -2 0 1 1 0 0 1 -2 0 3 3 0 0 1 6 0c0 1.5-1.275 2.456-2.4 3.3zm8.4-6.3a1 1 0 0 0 -1 1v3h-1a1 1 0 0 1 -1-1v-2a1 1 0 0 0 -2 0v2a3 3 0 0 0 3 3h1v2a1 1 0 0 0 2 0v-7a1 1 0 0 0 -1-1zm-10-3v-5a1 1 0 0 0 -2 0v4h-3a1 1 0 0 0 0 2h4a1 1 0 0 0 1-1zm10-10a1 1 0 0 0 -1 1v2.374a12 12 0 1 0 -14.364 17.808 1.015 1.015 0 0 0 .364.068 1 1 0 0 0 .364-1.932 10 10 0 1 1 12.272-14.318h-2.636a1 1 0 0 0 0 2h3a3 3 0 0 0 3-3v-3a1 1 0 0 0 -1-1z\"><\/path><\/svg><\/span><span class=\"gb-headline-text\">Atenci\u00f3n al cliente<\/span><\/h5>\n\n\n\n<p class=\"gb-headline gb-headline-a4092bfc gb-headline-text\">Henan Shunzhi no s\u00f3lo puede proporcionar a los clientes equipos aut\u00f3nomos, sino que tambi\u00e9n pone a su disposici\u00f3n un equipo de servicio posventa.<\/p>\n\n<\/div><\/div><\/div>\n\n<div class=\"gb-grid-column gb-grid-column-c494b1ba\"><div class=\"gb-container gb-container-c494b1ba\"><div class=\"gb-inside-container\">\n\n<h5 class=\"gb-headline gb-headline-2a0fdda3\"><span class=\"gb-icon\"><svg height=\"512\" width=\"512\" viewbox=\"0 0 24 24\" data-name=\"Layer 1\" id=\"Layer_1\" xmlns=\"http:\/\/www.w3.org\/2000\/svg\"><path d=\"M20,3c0-1.654-1.346-3-3-3H3C1.346,0,0,1.346,0,3v2c0,1.654,1.346,3,3,3h14c1.654,0,3-1.346,3-3,1.103,0,2,.897,2,2v1c0,1.103-.897,2-2,2h-7c-2.206,0-4,1.794-4,4v.184c-1.161,.414-2,1.514-2,2.816v4c0,1.654,1.346,3,3,3s3-1.346,3-3v-4c0-1.302-.839-2.402-2-2.816v-.184c0-1.103,.897-2,2-2h7c2.206,0,4-1.794,4-4v-1c0-2.206-1.794-4-4-4Zm-2,2c0,.552-.449,1-1,1H3c-.551,0-1-.448-1-1V3c0-.552,.449-1,1-1h14c.551,0,1,.448,1,1v2Zm-7,16c0,.552-.449,1-1,1s-1-.448-1-1v-4c0-.552,.449-1,1-1s1,.448,1,1v4Z\"><\/path><\/svg><\/span><span class=\"gb-headline-text\">Mantenimiento<\/span><\/h5>\n\n\n\n<p class=\"gb-headline gb-headline-0fdd292e gb-headline-text\">Con el fin de garantizar los intereses pr\u00e1cticos de los clientes, Henan Shunzhi Machinery controla estrictamente la calidad de nuestros productos.<\/p>\n\n<\/div><\/div><\/div>\n<\/div>\n<\/div><\/div>\n\n<div class=\"gb-container gb-container-8e0e7af0\"><div class=\"gb-inside-container\">\n<div class=\"gb-grid-wrapper gb-grid-wrapper-be11a1dd\">\n<div class=\"gb-grid-column gb-grid-column-c3eb1f83\"><div class=\"gb-container gb-container-c3eb1f83\"><div class=\"gb-inside-container\">\n\n<figure class=\"gb-block-image gb-block-image-185a2c11\"><img decoding=\"async\" width=\"500\" height=\"400\" class=\"gb-image gb-image-185a2c11\" src=\"https:\/\/szfertilizermachine.com\/wp-content\/uploads\/2022\/08\/sheep-manure-fertilizer-production-line.jpg\" alt=\"\" title=\"l\u00ednea de producci\u00f3n de abono para ovejas\" srcset=\"https:\/\/szfertilizermachine.com\/wp-content\/uploads\/2022\/08\/sheep-manure-fertilizer-production-line.jpg 500w, https:\/\/szfertilizermachine.com\/wp-content\/uploads\/2022\/08\/sheep-manure-fertilizer-production-line-300x240.jpg 300w\" sizes=\"(max-width: 500px) 100vw, 500px\" \/><\/figure>\n\n<\/div><\/div><\/div>\n\n<div class=\"gb-grid-column gb-grid-column-f1dfc26b\"><div class=\"gb-container gb-container-f1dfc26b\"><div class=\"gb-inside-container\">\n\n<figure class=\"gb-block-image gb-block-image-c5c24791\"><img decoding=\"async\" width=\"500\" height=\"400\" class=\"gb-image gb-image-c5c24791\" src=\"https:\/\/szfertilizermachine.com\/wp-content\/uploads\/2022\/08\/line.jpg\" alt=\"\" title=\"l\u00ednea\" srcset=\"https:\/\/szfertilizermachine.com\/wp-content\/uploads\/2022\/08\/line.jpg 500w, https:\/\/szfertilizermachine.com\/wp-content\/uploads\/2022\/08\/line-300x240.jpg 300w\" sizes=\"(max-width: 500px) 100vw, 500px\" \/><\/figure>\n\n<\/div><\/div><\/div>\n\n<div class=\"gb-grid-column gb-grid-column-abbf067f\"><div class=\"gb-container gb-container-abbf067f\"><div class=\"gb-inside-container\">\n\n<figure class=\"gb-block-image gb-block-image-be6819a8\"><img decoding=\"async\" width=\"500\" height=\"400\" class=\"gb-image gb-image-be6819a8\" src=\"https:\/\/szfertilizermachine.com\/wp-content\/uploads\/2022\/08\/production-line-1.jpg\" alt=\"\" title=\"l\u00ednea de producci\u00f3n\" srcset=\"https:\/\/szfertilizermachine.com\/wp-content\/uploads\/2022\/08\/production-line-1.jpg 500w, https:\/\/szfertilizermachine.com\/wp-content\/uploads\/2022\/08\/production-line-1-300x240.jpg 300w\" sizes=\"(max-width: 500px) 100vw, 500px\" \/><\/figure>\n\n<\/div><\/div><\/div>\n\n<div class=\"gb-grid-column gb-grid-column-2b7e449b\"><div class=\"gb-container gb-container-2b7e449b\"><div class=\"gb-inside-container\">\n\n<figure class=\"gb-block-image gb-block-image-a3092ced\"><img decoding=\"async\" width=\"500\" height=\"400\" class=\"gb-image gb-image-a3092ced\" src=\"https:\/\/szfertilizermachine.com\/wp-content\/uploads\/2022\/08\/compost-turner.jpg\" alt=\"\" title=\"volteadora de compost\" srcset=\"https:\/\/szfertilizermachine.com\/wp-content\/uploads\/2022\/08\/compost-turner.jpg 500w, https:\/\/szfertilizermachine.com\/wp-content\/uploads\/2022\/08\/compost-turner-300x240.jpg 300w\" sizes=\"(max-width: 500px) 100vw, 500px\" \/><\/figure>\n\n<\/div><\/div><\/div>\n\n<div class=\"gb-grid-column gb-grid-column-b9d9238f\"><div class=\"gb-container gb-container-b9d9238f\"><div class=\"gb-inside-container\">\n\n<figure class=\"gb-block-image gb-block-image-b281d960\"><img decoding=\"async\" width=\"500\" height=\"400\" class=\"gb-image gb-image-b281d960\" src=\"https:\/\/szfertilizermachine.com\/wp-content\/uploads\/2022\/08\/chain-crusher-1.jpg\" alt=\"\" title=\"trituradora de cadenas\" srcset=\"https:\/\/szfertilizermachine.com\/wp-content\/uploads\/2022\/08\/chain-crusher-1.jpg 500w, https:\/\/szfertilizermachine.com\/wp-content\/uploads\/2022\/08\/chain-crusher-1-300x240.jpg 300w\" sizes=\"(max-width: 500px) 100vw, 500px\" \/><\/figure>\n\n<\/div><\/div><\/div>\n\n<div class=\"gb-grid-column gb-grid-column-bb27d2e7\"><div class=\"gb-container gb-container-bb27d2e7\"><div class=\"gb-inside-container\">\n\n<figure class=\"gb-block-image gb-block-image-91ceb650\"><img decoding=\"async\" width=\"500\" height=\"400\" class=\"gb-image gb-image-91ceb650\" src=\"https:\/\/szfertilizermachine.com\/wp-content\/uploads\/2022\/08\/chain-plate-fertilizer-compost-machine.jpg\" alt=\"\" title=\"cadena-placa-fertilizante-compost-m\u00e1quina\" srcset=\"https:\/\/szfertilizermachine.com\/wp-content\/uploads\/2022\/08\/chain-plate-fertilizer-compost-machine.jpg 500w, https:\/\/szfertilizermachine.com\/wp-content\/uploads\/2022\/08\/chain-plate-fertilizer-compost-machine-300x240.jpg 300w\" sizes=\"(max-width: 500px) 100vw, 500px\" \/><\/figure>\n\n<\/div><\/div><\/div>\n<\/div>\n<\/div><\/div>\n\n<div class=\"gb-container gb-container-562aef2a\"><div class=\"gb-inside-container\">\n<div class=\"gb-grid-wrapper gb-grid-wrapper-d91c416d\">\n<div class=\"gb-grid-column gb-grid-column-adfe7938\"><div class=\"gb-container gb-container-adfe7938\"><div class=\"gb-inside-container\">\n\n<h4 class=\"gb-headline gb-headline-41fa7eca gb-headline-text\">Visi\u00f3n general<\/h4>\n\n<\/div><\/div><\/div>\n\n<div class=\"gb-grid-column gb-grid-column-2aafe08b\"><div class=\"gb-container gb-container-2aafe08b\"><div class=\"gb-inside-container\">\n\n<p id=\"cs\">Henan Shunzhi Machinery Co., Ltd. es un fabricante l\u00edder de equipos para fertilizantes en China. La empresa cuenta con modernas capacidades de fabricaci\u00f3n y un excelente equipo de I+D de ingenieros profesionales. Desde su creaci\u00f3n, se ha comprometido con la investigaci\u00f3n y el desarrollo de nuevos productos y nuevas tecnolog\u00edas, para que los productos puedan alcanzar el nivel avanzado del mundo.<\/p>\n\n\n\n<p id=\"cs\">No s\u00f3lo podemos proporcionar una gama completa de equipos de fertilizantes, incluyendo trituradoras de fertilizantes, mezcladoras de fertilizantes, granuladores de fertilizantes, secadoras de fertilizantes, tamizadoras de fertilizantes, m\u00e1quinas volteadoras de fertilizantes y otros equipos, sino tambi\u00e9n proporcionar soluciones globales. En particular, la l\u00ednea de producci\u00f3n de fertilizantes org\u00e1nicos desarrollada sobre la base de muchos a\u00f1os de experiencia profesional ha sido reconocida por muchos clientes.<\/p>\n\n<\/div><\/div><\/div>\n<\/div>\n<\/div><\/div>\n\n<div class=\"gb-container gb-container-5bf3e37c\"><div class=\"gb-inside-container\">\n<div class=\"gb-grid-wrapper gb-grid-wrapper-21c2f5b0\">\n<div class=\"gb-grid-column gb-grid-column-a89b56e6\"><div class=\"gb-container gb-container-a89b56e6\"><div class=\"gb-inside-container\">\n\n<figure class=\"gb-block-image gb-block-image-e996e617\"><img decoding=\"async\" width=\"500\" height=\"400\" class=\"gb-image gb-image-e996e617\" src=\"https:\/\/szfertilizermachine.com\/wp-content\/uploads\/2022\/08\/crawler-type-compost-turner-1.jpg\" alt=\"\" title=\"volteadora de compost sobre orugas\" srcset=\"https:\/\/szfertilizermachine.com\/wp-content\/uploads\/2022\/08\/crawler-type-compost-turner-1.jpg 500w, https:\/\/szfertilizermachine.com\/wp-content\/uploads\/2022\/08\/crawler-type-compost-turner-1-300x240.jpg 300w\" sizes=\"(max-width: 500px) 100vw, 500px\" \/><\/figure>\n\n\n\n<figure class=\"gb-block-image gb-block-image-59a799f3\"><img decoding=\"async\" width=\"500\" height=\"400\" class=\"gb-image gb-image-59a799f3\" src=\"https:\/\/szfertilizermachine.com\/wp-content\/uploads\/2022\/08\/conveying-belt.jpg\" alt=\"\" title=\"cinta transportadora\" srcset=\"https:\/\/szfertilizermachine.com\/wp-content\/uploads\/2022\/08\/conveying-belt.jpg 500w, https:\/\/szfertilizermachine.com\/wp-content\/uploads\/2022\/08\/conveying-belt-300x240.jpg 300w\" sizes=\"(max-width: 500px) 100vw, 500px\" \/><\/figure>\n\n<\/div><\/div><\/div>\n\n<div class=\"gb-grid-column gb-grid-column-83f9e375\"><div class=\"gb-container gb-container-83f9e375\"><div class=\"gb-inside-container\"><\/div><\/div><\/div>\n\n<div class=\"gb-grid-column gb-grid-column-e5a2a644\"><div class=\"gb-container gb-container-e5a2a644\"><div class=\"gb-inside-container\">\n\n<figure class=\"gb-block-image gb-block-image-3eeca994\"><img decoding=\"async\" width=\"500\" height=\"400\" class=\"gb-image gb-image-3eeca994\" src=\"https:\/\/szfertilizermachine.com\/wp-content\/uploads\/2022\/08\/fermentation-cylinder-1.jpg\" alt=\"\" title=\"fermentaci\u00f3n-cilindro\" srcset=\"https:\/\/szfertilizermachine.com\/wp-content\/uploads\/2022\/08\/fermentation-cylinder-1.jpg 500w, https:\/\/szfertilizermachine.com\/wp-content\/uploads\/2022\/08\/fermentation-cylinder-1-300x240.jpg 300w\" sizes=\"(max-width: 500px) 100vw, 500px\" \/><\/figure>\n\n\n\n<figure class=\"gb-block-image gb-block-image-22712043\"><img decoding=\"async\" width=\"500\" height=\"400\" class=\"gb-image gb-image-22712043\" src=\"https:\/\/szfertilizermachine.com\/wp-content\/uploads\/2022\/08\/fertilizer-fermentation-cylinder.jpg\" alt=\"\" title=\"abono-fermentaci\u00f3n-cilindro\" srcset=\"https:\/\/szfertilizermachine.com\/wp-content\/uploads\/2022\/08\/fertilizer-fermentation-cylinder.jpg 500w, https:\/\/szfertilizermachine.com\/wp-content\/uploads\/2022\/08\/fertilizer-fermentation-cylinder-300x240.jpg 300w\" sizes=\"(max-width: 500px) 100vw, 500px\" \/><\/figure>\n\n<\/div><\/div><\/div>\n<\/div>\n<\/div><\/div>\n\n<div class=\"gb-container gb-container-946e073e\"><div class=\"gb-inside-container\">\n<div class=\"gb-grid-wrapper gb-grid-wrapper-d04a366e\">\n<div class=\"gb-grid-column gb-grid-column-086bb1ef\"><div class=\"gb-container gb-container-086bb1ef\"><div class=\"gb-inside-container\">\n\n<h4 class=\"gb-headline gb-headline-c1a5abcb gb-headline-text\">Soluci\u00f3n<\/h4>\n\n<\/div><\/div><\/div>\n\n<div class=\"gb-grid-column gb-grid-column-57a11d49\"><div class=\"gb-container gb-container-57a11d49\"><div class=\"gb-inside-container\">\n\n<p>Nuestros productos son ampliamente utilizados en la producci\u00f3n de abono agr\u00edcola, fertilizantes org\u00e1nicos y otros campos. Los equipos de Henan Shunzhi se exportan a m\u00e1s de 100 pa\u00edses y regiones del mundo. Nuestro objetivo es proporcionar productos y servicios fiables a clientes de todo el mundo y crear valor para los clientes.<\/p>\n\n\n<div class=\"gb-grid-wrapper gb-grid-wrapper-d3d6aa69\">\n<div class=\"gb-grid-column gb-grid-column-89b058e0\"><div class=\"gb-container gb-container-89b058e0\"><div class=\"gb-inside-container\">\n\n<h2 class=\"gb-headline gb-headline-30c206c4 gb-headline-text\">8,125<\/h2>\n\n\n\n<p class=\"gb-headline gb-headline-21f61cb8 gb-headline-text\">proyectos realizados<\/p>\n\n<\/div><\/div><\/div>\n\n<div class=\"gb-grid-column gb-grid-column-570123bb\"><div class=\"gb-container gb-container-570123bb\"><div class=\"gb-inside-container\">\n\n<h2 class=\"gb-headline gb-headline-761aa301 gb-headline-text\">5,647<\/h2>\n\n\n\n<p class=\"gb-headline gb-headline-77ef5909 gb-headline-text\">Clientes satisfechos<\/p>\n\n<\/div><\/div><\/div>\n\n<div class=\"gb-grid-column gb-grid-column-a17e3619\"><div class=\"gb-container gb-container-a17e3619\"><div class=\"gb-inside-container\">\n\n<h2 class=\"gb-headline gb-headline-556192c0 gb-headline-text\">31<\/h2>\n\n\n\n<p class=\"gb-headline gb-headline-4174e474 gb-headline-text\">socios<\/p>\n\n<\/div><\/div><\/div>\n<\/div>\n<\/div><\/div><\/div>\n<\/div>\n<\/div><\/div>\n\n<div class=\"gb-container gb-container-9152c0bb\"><div class=\"gb-inside-container\">\n\n<h4 class=\"gb-headline gb-headline-9364063c gb-headline-text\">Testimonio de un cliente<\/h4>\n\n\n<div class=\"gb-grid-wrapper gb-grid-wrapper-40a4fd8b\">\n<div class=\"gb-grid-column gb-grid-column-1f35931f\"><div class=\"gb-container gb-container-1f35931f\"><div class=\"gb-inside-container\">\n\n<p class=\"gb-headline gb-headline-302be705 gb-headline-text\"><em>Para iniciar un negocio de transformaci\u00f3n de residuos animales en abono, compramos hace 2 a\u00f1os una l\u00ednea de producci\u00f3n de abono org\u00e1nico de 20 t\/h a Shunzhi. Todos los miembros de Shunzhi son absolutamente profesionales. El equipo de servicio de preventa resolvi\u00f3 todas las preguntas que tuvimos y nos hizo un dise\u00f1o de planificaci\u00f3n considerado de acuerdo con el dise\u00f1o de nuestra f\u00e1brica y la capacidad de negocio. Las m\u00e1quinas funcionan sin problemas y la eficiencia es muy alta. \u00a1Recomiendo los equipos de procesamiento de fertilizantes Shunzhi!  <\/em><\/p>\n\n\n\n<p class=\"gb-headline gb-headline-c50e942b gb-headline-text\"><strong>Andrew Mason<\/strong> (Director General de la empresa)<\/p>\n\n<\/div><\/div><\/div>\n<\/div>\n<\/div><\/div>","protected":false},"excerpt":{"rendered":"<p>About Our Company As a leading manufacturer of fertilizer production line and all auxiliary products, &#8230; <a title=\"Empresa\" class=\"read-more\" href=\"https:\/\/szfertilizermachine.com\/es\/company\/\" aria-label=\"Leer m\u00e1s sobre Company\">Leer m\u00e1s<\/a><\/p>","protected":false},"author":1,"featured_media":0,"parent":0,"menu_order":0,"comment_status":"closed","ping_status":"closed","template":"","meta":{"footnotes":""},"class_list":["post-764","page","type-page","status-publish"],"yoast_head":"<!-- This site is optimized with the Yoast SEO plugin v27.4 - https:\/\/yoast.com\/product\/yoast-seo-wordpress\/ -->\n<title>Company - SHUNZHI FERTILIZER MACHINERY<\/title>\n<meta name=\"robots\" content=\"index, follow, max-snippet:-1, max-image-preview:large, max-video-preview:-1\" \/>\n<link rel=\"canonical\" href=\"https:\/\/szfertilizermachine.com\/es\/empresa\/\" \/>\n<meta property=\"og:locale\" content=\"es_ES\" \/>\n<meta property=\"og:type\" content=\"article\" \/>\n<meta property=\"og:title\" content=\"Company - SHUNZHI FERTILIZER MACHINERY\" \/>\n<meta property=\"og:description\" content=\"About Our Company As a leading manufacturer of fertilizer production line and all auxiliary products, ... Leer m\u00e1s\" \/>\n<meta property=\"og:url\" content=\"https:\/\/szfertilizermachine.com\/es\/empresa\/\" \/>\n<meta property=\"og:site_name\" content=\"SHUNZHI FERTILIZER MACHINERY\" \/>\n<meta property=\"article:modified_time\" content=\"2023-03-17T06:52:23+00:00\" \/>\n<meta property=\"og:image\" content=\"https:\/\/szfertilizermachine.com\/wp-content\/uploads\/2022\/08\/sheep-manure-fertilizer-production-line.jpg\" \/>\n<meta name=\"twitter:card\" content=\"summary_large_image\" \/>\n<meta name=\"twitter:label1\" content=\"Tiempo de lectura\" \/>\n\t<meta name=\"twitter:data1\" content=\"4 minutos\" \/>\n<script type=\"application\/ld+json\" class=\"yoast-schema-graph\">{\"@context\":\"https:\\\/\\\/schema.org\",\"@graph\":[{\"@type\":\"WebPage\",\"@id\":\"https:\\\/\\\/szfertilizermachine.com\\\/company\\\/\",\"url\":\"https:\\\/\\\/szfertilizermachine.com\\\/company\\\/\",\"name\":\"Company - SHUNZHI FERTILIZER MACHINERY\",\"isPartOf\":{\"@id\":\"https:\\\/\\\/szfertilizermachine.com\\\/#website\"},\"primaryImageOfPage\":{\"@id\":\"https:\\\/\\\/szfertilizermachine.com\\\/company\\\/#primaryimage\"},\"image\":{\"@id\":\"https:\\\/\\\/szfertilizermachine.com\\\/company\\\/#primaryimage\"},\"thumbnailUrl\":\"https:\\\/\\\/szfertilizermachine.com\\\/wp-content\\\/uploads\\\/2022\\\/08\\\/sheep-manure-fertilizer-production-line.jpg\",\"datePublished\":\"2021-12-08T20:33:17+00:00\",\"dateModified\":\"2023-03-17T06:52:23+00:00\",\"breadcrumb\":{\"@id\":\"https:\\\/\\\/szfertilizermachine.com\\\/company\\\/#breadcrumb\"},\"inLanguage\":\"es\",\"potentialAction\":[{\"@type\":\"ReadAction\",\"target\":[\"https:\\\/\\\/szfertilizermachine.com\\\/company\\\/\"]}]},{\"@type\":\"ImageObject\",\"inLanguage\":\"es\",\"@id\":\"https:\\\/\\\/szfertilizermachine.com\\\/company\\\/#primaryimage\",\"url\":\"https:\\\/\\\/szfertilizermachine.com\\\/wp-content\\\/uploads\\\/2022\\\/08\\\/sheep-manure-fertilizer-production-line.jpg\",\"contentUrl\":\"https:\\\/\\\/szfertilizermachine.com\\\/wp-content\\\/uploads\\\/2022\\\/08\\\/sheep-manure-fertilizer-production-line.jpg\"},{\"@type\":\"BreadcrumbList\",\"@id\":\"https:\\\/\\\/szfertilizermachine.com\\\/company\\\/#breadcrumb\",\"itemListElement\":[{\"@type\":\"ListItem\",\"position\":1,\"name\":\"Home\",\"item\":\"https:\\\/\\\/szfertilizermachine.com\\\/\"},{\"@type\":\"ListItem\",\"position\":2,\"name\":\"Company\"}]},{\"@type\":\"WebSite\",\"@id\":\"https:\\\/\\\/szfertilizermachine.com\\\/#website\",\"url\":\"https:\\\/\\\/szfertilizermachine.com\\\/\",\"name\":\"SHUNZHI FERTILIZER MACHINERY\",\"description\":\"SHUNZHI Fertilizer Machine and Production Line\",\"publisher\":{\"@id\":\"https:\\\/\\\/szfertilizermachine.com\\\/#organization\"},\"potentialAction\":[{\"@type\":\"SearchAction\",\"target\":{\"@type\":\"EntryPoint\",\"urlTemplate\":\"https:\\\/\\\/szfertilizermachine.com\\\/?s={search_term_string}\"},\"query-input\":{\"@type\":\"PropertyValueSpecification\",\"valueRequired\":true,\"valueName\":\"search_term_string\"}}],\"inLanguage\":\"es\"},{\"@type\":\"Organization\",\"@id\":\"https:\\\/\\\/szfertilizermachine.com\\\/#organization\",\"name\":\"SHUNZHI FERTILIZER MACHINERY\",\"url\":\"https:\\\/\\\/szfertilizermachine.com\\\/\",\"logo\":{\"@type\":\"ImageObject\",\"inLanguage\":\"es\",\"@id\":\"https:\\\/\\\/szfertilizermachine.com\\\/#\\\/schema\\\/logo\\\/image\\\/\",\"url\":\"https:\\\/\\\/szfertilizermachine.com\\\/wp-content\\\/uploads\\\/2025\\\/03\\\/shunzhi-logo-new.png\",\"contentUrl\":\"https:\\\/\\\/szfertilizermachine.com\\\/wp-content\\\/uploads\\\/2025\\\/03\\\/shunzhi-logo-new.png\",\"width\":13758,\"height\":5946,\"caption\":\"SHUNZHI FERTILIZER MACHINERY\"},\"image\":{\"@id\":\"https:\\\/\\\/szfertilizermachine.com\\\/#\\\/schema\\\/logo\\\/image\\\/\"}}]}<\/script>\n<!-- \/ Yoast SEO plugin. -->","yoast_head_json":{"title":"Empresa - MAQUINARIA FERTILIZADORA SHUNZHI","robots":{"index":"index","follow":"follow","max-snippet":"max-snippet:-1","max-image-preview":"max-image-preview:large","max-video-preview":"max-video-preview:-1"},"canonical":"https:\/\/szfertilizermachine.com\/es\/empresa\/","og_locale":"es_ES","og_type":"article","og_title":"Company - SHUNZHI FERTILIZER MACHINERY","og_description":"About Our Company As a leading manufacturer of fertilizer production line and all auxiliary products, ... Leer m\u00e1s","og_url":"https:\/\/szfertilizermachine.com\/es\/empresa\/","og_site_name":"SHUNZHI FERTILIZER MACHINERY","article_modified_time":"2023-03-17T06:52:23+00:00","og_image":[{"url":"https:\/\/szfertilizermachine.com\/wp-content\/uploads\/2022\/08\/sheep-manure-fertilizer-production-line.jpg","type":"","width":"","height":""}],"twitter_card":"summary_large_image","twitter_misc":{"Tiempo de lectura":"4 minutos"},"schema":{"@context":"https:\/\/schema.org","@graph":[{"@type":"WebPage","@id":"https:\/\/szfertilizermachine.com\/company\/","url":"https:\/\/szfertilizermachine.com\/company\/","name":"Empresa - MAQUINARIA FERTILIZADORA SHUNZHI","isPartOf":{"@id":"https:\/\/szfertilizermachine.com\/#website"},"primaryImageOfPage":{"@id":"https:\/\/szfertilizermachine.com\/company\/#primaryimage"},"image":{"@id":"https:\/\/szfertilizermachine.com\/company\/#primaryimage"},"thumbnailUrl":"https:\/\/szfertilizermachine.com\/wp-content\/uploads\/2022\/08\/sheep-manure-fertilizer-production-line.jpg","datePublished":"2021-12-08T20:33:17+00:00","dateModified":"2023-03-17T06:52:23+00:00","breadcrumb":{"@id":"https:\/\/szfertilizermachine.com\/company\/#breadcrumb"},"inLanguage":"es","potentialAction":[{"@type":"ReadAction","target":["https:\/\/szfertilizermachine.com\/company\/"]}]},{"@type":"ImageObject","inLanguage":"es","@id":"https:\/\/szfertilizermachine.com\/company\/#primaryimage","url":"https:\/\/szfertilizermachine.com\/wp-content\/uploads\/2022\/08\/sheep-manure-fertilizer-production-line.jpg","contentUrl":"https:\/\/szfertilizermachine.com\/wp-content\/uploads\/2022\/08\/sheep-manure-fertilizer-production-line.jpg"},{"@type":"BreadcrumbList","@id":"https:\/\/szfertilizermachine.com\/company\/#breadcrumb","itemListElement":[{"@type":"ListItem","position":1,"name":"Home","item":"https:\/\/szfertilizermachine.com\/"},{"@type":"ListItem","position":2,"name":"Company"}]},{"@type":"WebSite","@id":"https:\/\/szfertilizermachine.com\/#website","url":"https:\/\/szfertilizermachine.com\/","name":"MAQUINARIA PARA FERTILIZANTES SHUNZHI","description":"M\u00e1quina y l\u00ednea de producci\u00f3n de fertilizantes SHUNZHI","publisher":{"@id":"https:\/\/szfertilizermachine.com\/#organization"},"potentialAction":[{"@type":"SearchAction","target":{"@type":"EntryPoint","urlTemplate":"https:\/\/szfertilizermachine.com\/?s={search_term_string}"},"query-input":{"@type":"PropertyValueSpecification","valueRequired":true,"valueName":"search_term_string"}}],"inLanguage":"es"},{"@type":"Organization","@id":"https:\/\/szfertilizermachine.com\/#organization","name":"MAQUINARIA PARA FERTILIZANTES SHUNZHI","url":"https:\/\/szfertilizermachine.com\/","logo":{"@type":"ImageObject","inLanguage":"es","@id":"https:\/\/szfertilizermachine.com\/#\/schema\/logo\/image\/","url":"https:\/\/szfertilizermachine.com\/wp-content\/uploads\/2025\/03\/shunzhi-logo-new.png","contentUrl":"https:\/\/szfertilizermachine.com\/wp-content\/uploads\/2025\/03\/shunzhi-logo-new.png","width":13758,"height":5946,"caption":"SHUNZHI FERTILIZER MACHINERY"},"image":{"@id":"https:\/\/szfertilizermachine.com\/#\/schema\/logo\/image\/"}}]}},"_links":{"self":[{"href":"https:\/\/szfertilizermachine.com\/es\/wp-json\/wp\/v2\/pages\/764","targetHints":{"allow":["GET"]}}],"collection":[{"href":"https:\/\/szfertilizermachine.com\/es\/wp-json\/wp\/v2\/pages"}],"about":[{"href":"https:\/\/szfertilizermachine.com\/es\/wp-json\/wp\/v2\/types\/page"}],"author":[{"embeddable":true,"href":"https:\/\/szfertilizermachine.com\/es\/wp-json\/wp\/v2\/users\/1"}],"replies":[{"embeddable":true,"href":"https:\/\/szfertilizermachine.com\/es\/wp-json\/wp\/v2\/comments?post=764"}],"version-history":[{"count":17,"href":"https:\/\/szfertilizermachine.com\/es\/wp-json\/wp\/v2\/pages\/764\/revisions"}],"predecessor-version":[{"id":2742,"href":"https:\/\/szfertilizermachine.com\/es\/wp-json\/wp\/v2\/pages\/764\/revisions\/2742"}],"wp:attachment":[{"href":"https:\/\/szfertilizermachine.com\/es\/wp-json\/wp\/v2\/media?parent=764"}],"curies":[{"name":"wp","href":"https:\/\/api.w.org\/{rel}","templated":true}]}}