{"id":766,"date":"2021-12-08T20:34:00","date_gmt":"2021-12-08T20:34:00","guid":{"rendered":"https:\/\/gpsites.co\/construction\/?page_id=37"},"modified":"2023-03-17T14:39:44","modified_gmt":"2023-03-17T06:39:44","slug":"proyectos","status":"publish","type":"page","link":"https:\/\/szfertilizermachine.com\/es\/projects\/","title":{"rendered":"Proyectos"},"content":{"rendered":"<div class=\"gb-container gb-container-281d532b\"><div class=\"gb-inside-container\">\n\n<h6 class=\"gb-headline gb-headline-1f11647f gb-headline-text\">Proyectos<\/h6>\n\n\n\n<h3 class=\"gb-headline gb-headline-8ac07885 gb-headline-text\">Nuestros \u00faltimos casos<\/h3>\n\n\n<div class=\"gb-grid-wrapper gb-grid-wrapper-26048fbe\">\n<div class=\"gb-grid-column gb-grid-column-59d9fe60\"><div class=\"gb-container gb-container-59d9fe60 drop-shadow\"><div class=\"gb-inside-container\">\n<div class=\"gb-grid-wrapper gb-grid-wrapper-a120cbfb\">\n<div class=\"gb-grid-column gb-grid-column-b2462283\"><div class=\"gb-container gb-container-b2462283\"><div class=\"gb-inside-container\"><\/div><\/div><\/div>\n\n<div class=\"gb-grid-column gb-grid-column-e0fef27e\"><div class=\"gb-container gb-container-e0fef27e\"><div class=\"gb-inside-container\">\n\n<h5 class=\"gb-headline gb-headline-691289ae gb-headline-text\"><strong>Eslovaquia L\u00ednea de producci\u00f3n de abono org\u00e1nico de esti\u00e9rcol de cerdo<\/strong><\/h5>\n\n\n\n<p class=\"gb-headline gb-headline-90a33073 gb-headline-text\">Soluciones de conversi\u00f3n de residuos de esti\u00e9rcol en abono<\/p>\n\n\n\n<p class=\"gb-headline gb-headline-55f748b7 gb-headline-text\">La l\u00ednea de producci\u00f3n de fertilizante org\u00e1nico de esti\u00e9rcol de cerdo principalmente tritura y mezcla el esti\u00e9rcol de cerdo compostado, y luego lo granula.<\/p>\n\n\n<div class=\"gb-button-wrapper gb-button-wrapper-9c64b5e8\">\n\n<a class=\"gb-button gb-button-0d9c2878\" href=\"#popmake-1575\"><span class=\"gb-button-text\">M\u00e1s informaci\u00f3n<\/span><span class=\"gb-icon\"><svg xmlns=\"http:\/\/www.w3.org\/2000\/svg\" style=\"enable-background:new 0 0 44.952 44.952\" xml:space=\"preserve\" viewbox=\"0 0 44.952 44.952\"><path d=\"M44.952 22.108c0-1.25-.478-2.424-1.362-3.308L30.627 5.831a2.5 2.5 0 0 0-3.536 0 2.511 2.511 0 0 0 0 3.546l10.574 10.57H2.484C1.102 19.948 0 21.081 0 22.464v.028c0 1.382 1.102 2.523 2.484 2.523h35.182L27.094 35.579a2.504 2.504 0 0 0 3.538 3.54l12.958-12.97a4.633 4.633 0 0 0 1.362-3.309v-.732z\"><\/path><\/svg><\/span><\/a>\n\n<\/div>\n<\/div><\/div><\/div>\n<\/div>\n<\/div><\/div><\/div>\n\n<div class=\"gb-grid-column gb-grid-column-eb5e0167\"><div class=\"gb-container gb-container-eb5e0167 drop-shadow\"><div class=\"gb-inside-container\">\n<div class=\"gb-grid-wrapper gb-grid-wrapper-ef6756fd\">\n<div class=\"gb-grid-column gb-grid-column-b6f4e4bb\"><div class=\"gb-container gb-container-b6f4e4bb\"><div class=\"gb-inside-container\"><\/div><\/div><\/div>\n\n<div class=\"gb-grid-column gb-grid-column-962885d1\"><div class=\"gb-container gb-container-962885d1\"><div class=\"gb-inside-container\">\n\n<h5 class=\"gb-headline gb-headline-9af0ac4e gb-headline-text\">Espa\u00f1a L\u00ednea de producci\u00f3n de granulado de fertilizantes compuestos<\/h5>\n\n\n\n<p class=\"gb-headline gb-headline-bbb1b230 gb-headline-text\">Fabricaci\u00f3n de pellets de compuestos NPK<\/p>\n\n\n\n<p class=\"gb-headline gb-headline-fa846028 gb-headline-text\">El conjunto completo de equipos est\u00e1 dise\u00f1ado de forma compacta. Funcionan sin problemas con un bajo consumo de energ\u00eda y tienen un buen rendimiento econ\u00f3mico.<\/p>\n\n\n<div class=\"gb-button-wrapper gb-button-wrapper-d2a3b209\">\n\n<a class=\"gb-button gb-button-64ba5dec\" href=\"#popmake-1575\"><span class=\"gb-button-text\">M\u00e1s informaci\u00f3n<\/span><span class=\"gb-icon\"><svg xmlns=\"http:\/\/www.w3.org\/2000\/svg\" style=\"enable-background:new 0 0 44.952 44.952\" xml:space=\"preserve\" viewbox=\"0 0 44.952 44.952\"><path d=\"M44.952 22.108c0-1.25-.478-2.424-1.362-3.308L30.627 5.831a2.5 2.5 0 0 0-3.536 0 2.511 2.511 0 0 0 0 3.546l10.574 10.57H2.484C1.102 19.948 0 21.081 0 22.464v.028c0 1.382 1.102 2.523 2.484 2.523h35.182L27.094 35.579a2.504 2.504 0 0 0 3.538 3.54l12.958-12.97a4.633 4.633 0 0 0 1.362-3.309v-.732z\"><\/path><\/svg><\/span><\/a>\n\n<\/div>\n<\/div><\/div><\/div>\n<\/div>\n<\/div><\/div><\/div>\n\n<div class=\"gb-grid-column gb-grid-column-63380846\"><div class=\"gb-container gb-container-63380846 drop-shadow\"><div class=\"gb-inside-container\">\n<div class=\"gb-grid-wrapper gb-grid-wrapper-a745283b\">\n<div class=\"gb-grid-column gb-grid-column-8e27798d\"><div class=\"gb-container gb-container-8e27798d\"><div class=\"gb-inside-container\"><\/div><\/div><\/div>\n\n<div class=\"gb-grid-column gb-grid-column-936ec077\"><div class=\"gb-container gb-container-936ec077\"><div class=\"gb-inside-container\">\n\n<h5 class=\"gb-headline gb-headline-cf090471 gb-headline-text\">L\u00ednea de producci\u00f3n checa de fertilizantes mezclados a granel<\/h5>\n\n\n\n<p class=\"gb-headline gb-headline-712c2aeb gb-headline-text\">Granulaci\u00f3n simple de pellets de fertilizante BB<\/p>\n\n\n\n<p class=\"gb-headline gb-headline-7372ce14 gb-headline-text\">La l\u00ednea de producci\u00f3n de fertilizantes BB de dosificaci\u00f3n en bolsas individuales adopta un control autom\u00e1tico de instrumentos, integrando dosificaci\u00f3n, mezcla y envasado. <\/p>\n\n\n<div class=\"gb-button-wrapper gb-button-wrapper-8db18d7a\">\n\n<a class=\"gb-button gb-button-affbabc9\" href=\"#popmake-1575\"><span class=\"gb-button-text\">M\u00e1s informaci\u00f3n<\/span><span class=\"gb-icon\"><svg xmlns=\"http:\/\/www.w3.org\/2000\/svg\" style=\"enable-background:new 0 0 44.952 44.952\" xml:space=\"preserve\" viewbox=\"0 0 44.952 44.952\"><path d=\"M44.952 22.108c0-1.25-.478-2.424-1.362-3.308L30.627 5.831a2.5 2.5 0 0 0-3.536 0 2.511 2.511 0 0 0 0 3.546l10.574 10.57H2.484C1.102 19.948 0 21.081 0 22.464v.028c0 1.382 1.102 2.523 2.484 2.523h35.182L27.094 35.579a2.504 2.504 0 0 0 3.538 3.54l12.958-12.97a4.633 4.633 0 0 0 1.362-3.309v-.732z\"><\/path><\/svg><\/span><\/a>\n\n<\/div>\n<\/div><\/div><\/div>\n<\/div>\n<\/div><\/div><\/div>\n<\/div>\n<\/div><\/div>","protected":false},"excerpt":{"rendered":"<p>Caracter\u00edsticas proyectos Nuestros \u00faltimos casos<\/p>","protected":false},"author":1,"featured_media":0,"parent":0,"menu_order":0,"comment_status":"closed","ping_status":"closed","template":"","meta":{"footnotes":""},"class_list":["post-766","page","type-page","status-publish"],"yoast_head":"<!-- This site is optimized with the Yoast SEO plugin v27.4 - https:\/\/yoast.com\/product\/yoast-seo-wordpress\/ -->\n<title>Projects - SHUNZHI FERTILIZER MACHINERY<\/title>\n<meta name=\"robots\" content=\"index, follow, max-snippet:-1, max-image-preview:large, max-video-preview:-1\" \/>\n<link rel=\"canonical\" href=\"https:\/\/szfertilizermachine.com\/es\/proyectos\/\" \/>\n<meta property=\"og:locale\" content=\"es_ES\" \/>\n<meta property=\"og:type\" content=\"article\" \/>\n<meta property=\"og:title\" content=\"Projects - SHUNZHI FERTILIZER MACHINERY\" \/>\n<meta property=\"og:description\" content=\"Features projects Our latest Cases\" \/>\n<meta property=\"og:url\" content=\"https:\/\/szfertilizermachine.com\/es\/proyectos\/\" \/>\n<meta property=\"og:site_name\" content=\"SHUNZHI FERTILIZER MACHINERY\" \/>\n<meta property=\"article:modified_time\" content=\"2023-03-17T06:39:44+00:00\" \/>\n<meta name=\"twitter:card\" content=\"summary_large_image\" \/>\n<meta name=\"twitter:label1\" content=\"Tiempo de lectura\" \/>\n\t<meta name=\"twitter:data1\" content=\"1 minuto\" \/>\n<script type=\"application\/ld+json\" class=\"yoast-schema-graph\">{\"@context\":\"https:\\\/\\\/schema.org\",\"@graph\":[{\"@type\":\"WebPage\",\"@id\":\"https:\\\/\\\/szfertilizermachine.com\\\/projects\\\/\",\"url\":\"https:\\\/\\\/szfertilizermachine.com\\\/projects\\\/\",\"name\":\"Projects - SHUNZHI FERTILIZER MACHINERY\",\"isPartOf\":{\"@id\":\"https:\\\/\\\/szfertilizermachine.com\\\/#website\"},\"datePublished\":\"2021-12-08T20:34:00+00:00\",\"dateModified\":\"2023-03-17T06:39:44+00:00\",\"breadcrumb\":{\"@id\":\"https:\\\/\\\/szfertilizermachine.com\\\/projects\\\/#breadcrumb\"},\"inLanguage\":\"es\",\"potentialAction\":[{\"@type\":\"ReadAction\",\"target\":[\"https:\\\/\\\/szfertilizermachine.com\\\/projects\\\/\"]}]},{\"@type\":\"BreadcrumbList\",\"@id\":\"https:\\\/\\\/szfertilizermachine.com\\\/projects\\\/#breadcrumb\",\"itemListElement\":[{\"@type\":\"ListItem\",\"position\":1,\"name\":\"Home\",\"item\":\"https:\\\/\\\/szfertilizermachine.com\\\/\"},{\"@type\":\"ListItem\",\"position\":2,\"name\":\"Projects\"}]},{\"@type\":\"WebSite\",\"@id\":\"https:\\\/\\\/szfertilizermachine.com\\\/#website\",\"url\":\"https:\\\/\\\/szfertilizermachine.com\\\/\",\"name\":\"SHUNZHI FERTILIZER MACHINERY\",\"description\":\"SHUNZHI Fertilizer Machine and Production Line\",\"publisher\":{\"@id\":\"https:\\\/\\\/szfertilizermachine.com\\\/#organization\"},\"potentialAction\":[{\"@type\":\"SearchAction\",\"target\":{\"@type\":\"EntryPoint\",\"urlTemplate\":\"https:\\\/\\\/szfertilizermachine.com\\\/?s={search_term_string}\"},\"query-input\":{\"@type\":\"PropertyValueSpecification\",\"valueRequired\":true,\"valueName\":\"search_term_string\"}}],\"inLanguage\":\"es\"},{\"@type\":\"Organization\",\"@id\":\"https:\\\/\\\/szfertilizermachine.com\\\/#organization\",\"name\":\"SHUNZHI FERTILIZER MACHINERY\",\"url\":\"https:\\\/\\\/szfertilizermachine.com\\\/\",\"logo\":{\"@type\":\"ImageObject\",\"inLanguage\":\"es\",\"@id\":\"https:\\\/\\\/szfertilizermachine.com\\\/#\\\/schema\\\/logo\\\/image\\\/\",\"url\":\"https:\\\/\\\/szfertilizermachine.com\\\/wp-content\\\/uploads\\\/2025\\\/03\\\/shunzhi-logo-new.png\",\"contentUrl\":\"https:\\\/\\\/szfertilizermachine.com\\\/wp-content\\\/uploads\\\/2025\\\/03\\\/shunzhi-logo-new.png\",\"width\":13758,\"height\":5946,\"caption\":\"SHUNZHI FERTILIZER MACHINERY\"},\"image\":{\"@id\":\"https:\\\/\\\/szfertilizermachine.com\\\/#\\\/schema\\\/logo\\\/image\\\/\"}}]}<\/script>\n<!-- \/ Yoast SEO plugin. -->","yoast_head_json":{"title":"Proyectos - MAQUINARIA FERTILIZADORA SHUNZHI","robots":{"index":"index","follow":"follow","max-snippet":"max-snippet:-1","max-image-preview":"max-image-preview:large","max-video-preview":"max-video-preview:-1"},"canonical":"https:\/\/szfertilizermachine.com\/es\/proyectos\/","og_locale":"es_ES","og_type":"article","og_title":"Projects - SHUNZHI FERTILIZER MACHINERY","og_description":"Features projects Our latest Cases","og_url":"https:\/\/szfertilizermachine.com\/es\/proyectos\/","og_site_name":"SHUNZHI FERTILIZER MACHINERY","article_modified_time":"2023-03-17T06:39:44+00:00","twitter_card":"summary_large_image","twitter_misc":{"Tiempo de lectura":"1 minuto"},"schema":{"@context":"https:\/\/schema.org","@graph":[{"@type":"WebPage","@id":"https:\/\/szfertilizermachine.com\/projects\/","url":"https:\/\/szfertilizermachine.com\/projects\/","name":"Proyectos - MAQUINARIA FERTILIZADORA SHUNZHI","isPartOf":{"@id":"https:\/\/szfertilizermachine.com\/#website"},"datePublished":"2021-12-08T20:34:00+00:00","dateModified":"2023-03-17T06:39:44+00:00","breadcrumb":{"@id":"https:\/\/szfertilizermachine.com\/projects\/#breadcrumb"},"inLanguage":"es","potentialAction":[{"@type":"ReadAction","target":["https:\/\/szfertilizermachine.com\/projects\/"]}]},{"@type":"BreadcrumbList","@id":"https:\/\/szfertilizermachine.com\/projects\/#breadcrumb","itemListElement":[{"@type":"ListItem","position":1,"name":"Home","item":"https:\/\/szfertilizermachine.com\/"},{"@type":"ListItem","position":2,"name":"Projects"}]},{"@type":"WebSite","@id":"https:\/\/szfertilizermachine.com\/#website","url":"https:\/\/szfertilizermachine.com\/","name":"MAQUINARIA PARA FERTILIZANTES SHUNZHI","description":"M\u00e1quina y l\u00ednea de producci\u00f3n de fertilizantes SHUNZHI","publisher":{"@id":"https:\/\/szfertilizermachine.com\/#organization"},"potentialAction":[{"@type":"SearchAction","target":{"@type":"EntryPoint","urlTemplate":"https:\/\/szfertilizermachine.com\/?s={search_term_string}"},"query-input":{"@type":"PropertyValueSpecification","valueRequired":true,"valueName":"search_term_string"}}],"inLanguage":"es"},{"@type":"Organization","@id":"https:\/\/szfertilizermachine.com\/#organization","name":"MAQUINARIA PARA FERTILIZANTES SHUNZHI","url":"https:\/\/szfertilizermachine.com\/","logo":{"@type":"ImageObject","inLanguage":"es","@id":"https:\/\/szfertilizermachine.com\/#\/schema\/logo\/image\/","url":"https:\/\/szfertilizermachine.com\/wp-content\/uploads\/2025\/03\/shunzhi-logo-new.png","contentUrl":"https:\/\/szfertilizermachine.com\/wp-content\/uploads\/2025\/03\/shunzhi-logo-new.png","width":13758,"height":5946,"caption":"SHUNZHI FERTILIZER MACHINERY"},"image":{"@id":"https:\/\/szfertilizermachine.com\/#\/schema\/logo\/image\/"}}]}},"_links":{"self":[{"href":"https:\/\/szfertilizermachine.com\/es\/wp-json\/wp\/v2\/pages\/766","targetHints":{"allow":["GET"]}}],"collection":[{"href":"https:\/\/szfertilizermachine.com\/es\/wp-json\/wp\/v2\/pages"}],"about":[{"href":"https:\/\/szfertilizermachine.com\/es\/wp-json\/wp\/v2\/types\/page"}],"author":[{"embeddable":true,"href":"https:\/\/szfertilizermachine.com\/es\/wp-json\/wp\/v2\/users\/1"}],"replies":[{"embeddable":true,"href":"https:\/\/szfertilizermachine.com\/es\/wp-json\/wp\/v2\/comments?post=766"}],"version-history":[{"count":8,"href":"https:\/\/szfertilizermachine.com\/es\/wp-json\/wp\/v2\/pages\/766\/revisions"}],"predecessor-version":[{"id":2257,"href":"https:\/\/szfertilizermachine.com\/es\/wp-json\/wp\/v2\/pages\/766\/revisions\/2257"}],"wp:attachment":[{"href":"https:\/\/szfertilizermachine.com\/es\/wp-json\/wp\/v2\/media?parent=766"}],"curies":[{"name":"wp","href":"https:\/\/api.w.org\/{rel}","templated":true}]}}