{"id":767,"date":"2021-12-08T20:34:31","date_gmt":"2021-12-08T20:34:31","guid":{"rendered":"https:\/\/gpsites.co\/construction\/?page_id=39"},"modified":"2022-08-22T00:50:00","modified_gmt":"2022-08-22T00:50:00","slug":"contactos","status":"publish","type":"page","link":"https:\/\/szfertilizermachine.com\/es\/contacts\/","title":{"rendered":"Contactos"},"content":{"rendered":"<div class=\"gb-container gb-container-7108b84c\"><div class=\"gb-inside-container\">\n<div class=\"gb-grid-wrapper gb-grid-wrapper-9378f651\">\n<div class=\"gb-grid-column gb-grid-column-b60c02cd\"><div class=\"gb-container gb-container-b60c02cd\"><div class=\"gb-inside-container\">\n<div class=\"gb-container gb-container-df4358a9\"><div class=\"gb-inside-container\">\n\n<p class=\"gb-headline gb-headline-22bed0ce gb-headline-text\">Como fabricante l\u00edder de la l\u00ednea de producci\u00f3n de fertilizantes y todos los productos auxiliares, Shunzhi intenta ofrecer los mejores productos de calidad, as\u00ed como servicios c\u00e1lidos para usted. Somos l\u00edderes en todo el mercado de fertilizantes por m\u00e1s de 30 a\u00f1os. Conf\u00ede en nosotros y nunca se equivocar\u00e1.<\/p>\n\n\n\n<h6 class=\"gb-headline gb-headline-547c3593 gb-headline-text\">Ubicaciones<\/h6>\n\n\n\n<p class=\"gb-headline gb-headline-5ab18be4 gb-headline-text\">Zhengzhou, provincia de Henan, China<\/p>\n\n\n\n<h6 class=\"gb-headline gb-headline-0bf6d22a gb-headline-text\">Solicitudes de asistencia<\/h6>\n\n\n\n<p class=\"gb-headline gb-headline-ba9a5127 gb-headline-text\"><a href=\"mailto:inquiry@szfertimachine.com\">inquiry@szfertimachine.com<\/a><\/p>\n\n<\/div><\/div>\n<\/div><\/div><\/div>\n\n<div class=\"gb-grid-column gb-grid-column-d8739381\"><div class=\"gb-container gb-container-d8739381\"><div class=\"gb-inside-container\">\n\n<h4 class=\"gb-headline gb-headline-16a53bf1 gb-headline-text\">Ponte en contacto<\/h4>\n\n\n\n<div class=\"wp-block-contact-form-7-contact-form-selector\">\n<div class=\"wpcf7 no-js\" id=\"wpcf7-f1570-o1\" lang=\"en-US\" dir=\"ltr\" data-wpcf7-id=\"1570\">\n<div class=\"screen-reader-response\"><p role=\"status\" aria-live=\"polite\" aria-atomic=\"true\"><\/p> <ul><\/ul><\/div>\n<form action=\"\/es\/wp-json\/wp\/v2\/pages\/767#wpcf7-f1570-o1\" method=\"post\" class=\"wpcf7-form init\" aria-label=\"Formulario de contacto\" novalidate=\"novalidate\" data-status=\"init\" data-trp-original-action=\"\/es\/wp-json\/wp\/v2\/pages\/767#wpcf7-f1570-o1\">\n<fieldset class=\"hidden-fields-container\"><input type=\"hidden\" name=\"_wpcf7\" value=\"1570\" \/><input type=\"hidden\" name=\"_wpcf7_version\" value=\"6.1.5\" \/><input type=\"hidden\" name=\"_wpcf7_locale\" value=\"en_US\" \/><input type=\"hidden\" name=\"_wpcf7_unit_tag\" value=\"wpcf7-f1570-o1\" \/><input type=\"hidden\" name=\"_wpcf7_container_post\" value=\"0\" \/><input type=\"hidden\" name=\"_wpcf7_posted_data_hash\" value=\"\" \/>\n<\/fieldset>\n<p><label><span class=\"wpcf7-form-control-wrap\" data-name=\"your-name\"><input size=\"40\" maxlength=\"400\" class=\"wpcf7-form-control wpcf7-text wpcf7-validates-as-required\" aria-required=\"true\" aria-invalid=\"false\" placeholder=\"Nombre\" value=\"\" type=\"text\" name=\"your-name\" \/><\/span><\/label>\n<\/p>\n<p><label><span class=\"wpcf7-form-control-wrap\" data-name=\"your-email\"><input size=\"40\" maxlength=\"400\" class=\"wpcf7-form-control wpcf7-email wpcf7-validates-as-required wpcf7-text wpcf7-validates-as-email\" aria-required=\"true\" aria-invalid=\"false\" placeholder=\"Correo electr\u00f3nico\" value=\"\" type=\"email\" name=\"your-email\" \/><\/span><\/label>\n<\/p>\n<p><label><span class=\"wpcf7-form-control-wrap\" data-name=\"your-tel\"><input size=\"40\" maxlength=\"400\" class=\"wpcf7-form-control wpcf7-tel wpcf7-validates-as-required wpcf7-text wpcf7-validates-as-tel\" aria-required=\"true\" aria-invalid=\"false\" placeholder=\"Tel\u00e9fono\" value=\"\" type=\"tel\" name=\"your-tel\" \/><\/span><\/label>\n<\/p>\n<p><label><span class=\"wpcf7-form-control-wrap\" data-name=\"your-message\"><textarea cols=\"40\" rows=\"10\" maxlength=\"2000\" class=\"wpcf7-form-control wpcf7-textarea wpcf7-validates-as-required\" aria-required=\"true\" aria-invalid=\"false\" placeholder=\"Mensaje*: 1. \u00bfCu\u00e1l es su materia prima? 2. \u00bfSu capacidad (t\/h)? (obligatorio)NOTA: La capacidad m\u00ednima de nuestra m\u00e1quina es de 1t\/h al d\u00eda.\" name=\"your-message\"><\/textarea><\/span> <\/label>\n<\/p>\n<p><input class=\"wpcf7-form-control wpcf7-submit has-spinner\" type=\"submit\" value=\"Enviar\" \/>\n<\/p><input type=\"hidden\" id=\"ct_checkjs_cf7_ab233b682ec355648e7891e66c54191b\" name=\"ct_checkjs_cf7\" value=\"0\" \/><script >setTimeout(function(){var ct_input_name = \"ct_checkjs_cf7_ab233b682ec355648e7891e66c54191b\";if (document.getElementById(ct_input_name) !== null) {var ct_input_value = document.getElementById(ct_input_name).value;document.getElementById(ct_input_name).value = document.getElementById(ct_input_name).value.replace(ct_input_value, '0ea078b6444028764e012e4d79bb6a39392dc568847b4db44b8ef7ea9006a54c');}}, 1000);<\/script><input\n                    class=\"apbct_special_field apbct_email_id__wp_contact_form_7\"\n                    name=\"apbct__email_id__wp_contact_form_7\"\n                    aria-label=\"apbct__label_id__wp_contact_form_7\"\n                    type=\"text\" size=\"30\" maxlength=\"200\" autocomplete=\"off\"\n                    value=\"\"\n                \/><input type='hidden' class='wpcf7-pum' value='{\"closepopup\":false,\"closedelay\":0,\"openpopup\":false,\"openpopup_id\":0}' \/><div class=\"wpcf7-response-output\" aria-hidden=\"true\"><\/div>\n<input type=\"hidden\" name=\"trp-form-language\" value=\"es\"\/><\/form>\n<\/div>\n<\/div>\n\n<\/div><\/div><\/div>\n<\/div>\n<\/div><\/div>","protected":false},"excerpt":{"rendered":"","protected":false},"author":1,"featured_media":0,"parent":0,"menu_order":0,"comment_status":"closed","ping_status":"closed","template":"","meta":{"footnotes":""},"class_list":["post-767","page","type-page","status-publish"],"yoast_head":"<!-- This site is optimized with the Yoast SEO plugin v27.4 - https:\/\/yoast.com\/product\/yoast-seo-wordpress\/ -->\n<title>Contacts - SHUNZHI FERTILIZER MACHINERY<\/title>\n<meta name=\"robots\" content=\"index, follow, max-snippet:-1, max-image-preview:large, max-video-preview:-1\" \/>\n<link rel=\"canonical\" href=\"https:\/\/szfertilizermachine.com\/es\/contactos\/\" \/>\n<meta property=\"og:locale\" content=\"es_ES\" \/>\n<meta property=\"og:type\" content=\"article\" \/>\n<meta property=\"og:title\" content=\"Contacts - SHUNZHI FERTILIZER MACHINERY\" \/>\n<meta property=\"og:url\" content=\"https:\/\/szfertilizermachine.com\/es\/contactos\/\" \/>\n<meta property=\"og:site_name\" content=\"SHUNZHI FERTILIZER MACHINERY\" \/>\n<meta property=\"article:modified_time\" content=\"2022-08-22T00:50:00+00:00\" \/>\n<meta name=\"twitter:card\" content=\"summary_large_image\" \/>\n<script type=\"application\/ld+json\" class=\"yoast-schema-graph\">{\"@context\":\"https:\\\/\\\/schema.org\",\"@graph\":[{\"@type\":\"WebPage\",\"@id\":\"https:\\\/\\\/szfertilizermachine.com\\\/contacts\\\/\",\"url\":\"https:\\\/\\\/szfertilizermachine.com\\\/contacts\\\/\",\"name\":\"Contacts - SHUNZHI FERTILIZER MACHINERY\",\"isPartOf\":{\"@id\":\"https:\\\/\\\/szfertilizermachine.com\\\/#website\"},\"datePublished\":\"2021-12-08T20:34:31+00:00\",\"dateModified\":\"2022-08-22T00:50:00+00:00\",\"breadcrumb\":{\"@id\":\"https:\\\/\\\/szfertilizermachine.com\\\/contacts\\\/#breadcrumb\"},\"inLanguage\":\"es\",\"potentialAction\":[{\"@type\":\"ReadAction\",\"target\":[\"https:\\\/\\\/szfertilizermachine.com\\\/contacts\\\/\"]}]},{\"@type\":\"BreadcrumbList\",\"@id\":\"https:\\\/\\\/szfertilizermachine.com\\\/contacts\\\/#breadcrumb\",\"itemListElement\":[{\"@type\":\"ListItem\",\"position\":1,\"name\":\"Home\",\"item\":\"https:\\\/\\\/szfertilizermachine.com\\\/\"},{\"@type\":\"ListItem\",\"position\":2,\"name\":\"Contacts\"}]},{\"@type\":\"WebSite\",\"@id\":\"https:\\\/\\\/szfertilizermachine.com\\\/#website\",\"url\":\"https:\\\/\\\/szfertilizermachine.com\\\/\",\"name\":\"SHUNZHI FERTILIZER MACHINERY\",\"description\":\"SHUNZHI Fertilizer Machine and Production Line\",\"publisher\":{\"@id\":\"https:\\\/\\\/szfertilizermachine.com\\\/#organization\"},\"potentialAction\":[{\"@type\":\"SearchAction\",\"target\":{\"@type\":\"EntryPoint\",\"urlTemplate\":\"https:\\\/\\\/szfertilizermachine.com\\\/?s={search_term_string}\"},\"query-input\":{\"@type\":\"PropertyValueSpecification\",\"valueRequired\":true,\"valueName\":\"search_term_string\"}}],\"inLanguage\":\"es\"},{\"@type\":\"Organization\",\"@id\":\"https:\\\/\\\/szfertilizermachine.com\\\/#organization\",\"name\":\"SHUNZHI FERTILIZER MACHINERY\",\"url\":\"https:\\\/\\\/szfertilizermachine.com\\\/\",\"logo\":{\"@type\":\"ImageObject\",\"inLanguage\":\"es\",\"@id\":\"https:\\\/\\\/szfertilizermachine.com\\\/#\\\/schema\\\/logo\\\/image\\\/\",\"url\":\"https:\\\/\\\/szfertilizermachine.com\\\/wp-content\\\/uploads\\\/2025\\\/03\\\/shunzhi-logo-new.png\",\"contentUrl\":\"https:\\\/\\\/szfertilizermachine.com\\\/wp-content\\\/uploads\\\/2025\\\/03\\\/shunzhi-logo-new.png\",\"width\":13758,\"height\":5946,\"caption\":\"SHUNZHI FERTILIZER MACHINERY\"},\"image\":{\"@id\":\"https:\\\/\\\/szfertilizermachine.com\\\/#\\\/schema\\\/logo\\\/image\\\/\"}}]}<\/script>\n<!-- \/ Yoast SEO plugin. -->","yoast_head_json":{"title":"Contactos - MAQUINARIA FERTILIZADORA SHUNZHI","robots":{"index":"index","follow":"follow","max-snippet":"max-snippet:-1","max-image-preview":"max-image-preview:large","max-video-preview":"max-video-preview:-1"},"canonical":"https:\/\/szfertilizermachine.com\/es\/contactos\/","og_locale":"es_ES","og_type":"article","og_title":"Contacts - SHUNZHI FERTILIZER MACHINERY","og_url":"https:\/\/szfertilizermachine.com\/es\/contactos\/","og_site_name":"SHUNZHI FERTILIZER MACHINERY","article_modified_time":"2022-08-22T00:50:00+00:00","twitter_card":"summary_large_image","schema":{"@context":"https:\/\/schema.org","@graph":[{"@type":"WebPage","@id":"https:\/\/szfertilizermachine.com\/contacts\/","url":"https:\/\/szfertilizermachine.com\/contacts\/","name":"Contactos - MAQUINARIA FERTILIZADORA SHUNZHI","isPartOf":{"@id":"https:\/\/szfertilizermachine.com\/#website"},"datePublished":"2021-12-08T20:34:31+00:00","dateModified":"2022-08-22T00:50:00+00:00","breadcrumb":{"@id":"https:\/\/szfertilizermachine.com\/contacts\/#breadcrumb"},"inLanguage":"es","potentialAction":[{"@type":"ReadAction","target":["https:\/\/szfertilizermachine.com\/contacts\/"]}]},{"@type":"BreadcrumbList","@id":"https:\/\/szfertilizermachine.com\/contacts\/#breadcrumb","itemListElement":[{"@type":"ListItem","position":1,"name":"Home","item":"https:\/\/szfertilizermachine.com\/"},{"@type":"ListItem","position":2,"name":"Contacts"}]},{"@type":"WebSite","@id":"https:\/\/szfertilizermachine.com\/#website","url":"https:\/\/szfertilizermachine.com\/","name":"MAQUINARIA PARA FERTILIZANTES SHUNZHI","description":"M\u00e1quina y l\u00ednea de producci\u00f3n de fertilizantes SHUNZHI","publisher":{"@id":"https:\/\/szfertilizermachine.com\/#organization"},"potentialAction":[{"@type":"SearchAction","target":{"@type":"EntryPoint","urlTemplate":"https:\/\/szfertilizermachine.com\/?s={search_term_string}"},"query-input":{"@type":"PropertyValueSpecification","valueRequired":true,"valueName":"search_term_string"}}],"inLanguage":"es"},{"@type":"Organization","@id":"https:\/\/szfertilizermachine.com\/#organization","name":"MAQUINARIA PARA FERTILIZANTES SHUNZHI","url":"https:\/\/szfertilizermachine.com\/","logo":{"@type":"ImageObject","inLanguage":"es","@id":"https:\/\/szfertilizermachine.com\/#\/schema\/logo\/image\/","url":"https:\/\/szfertilizermachine.com\/wp-content\/uploads\/2025\/03\/shunzhi-logo-new.png","contentUrl":"https:\/\/szfertilizermachine.com\/wp-content\/uploads\/2025\/03\/shunzhi-logo-new.png","width":13758,"height":5946,"caption":"SHUNZHI FERTILIZER MACHINERY"},"image":{"@id":"https:\/\/szfertilizermachine.com\/#\/schema\/logo\/image\/"}}]}},"_links":{"self":[{"href":"https:\/\/szfertilizermachine.com\/es\/wp-json\/wp\/v2\/pages\/767","targetHints":{"allow":["GET"]}}],"collection":[{"href":"https:\/\/szfertilizermachine.com\/es\/wp-json\/wp\/v2\/pages"}],"about":[{"href":"https:\/\/szfertilizermachine.com\/es\/wp-json\/wp\/v2\/types\/page"}],"author":[{"embeddable":true,"href":"https:\/\/szfertilizermachine.com\/es\/wp-json\/wp\/v2\/users\/1"}],"replies":[{"embeddable":true,"href":"https:\/\/szfertilizermachine.com\/es\/wp-json\/wp\/v2\/comments?post=767"}],"version-history":[{"count":12,"href":"https:\/\/szfertilizermachine.com\/es\/wp-json\/wp\/v2\/pages\/767\/revisions"}],"predecessor-version":[{"id":1927,"href":"https:\/\/szfertilizermachine.com\/es\/wp-json\/wp\/v2\/pages\/767\/revisions\/1927"}],"wp:attachment":[{"href":"https:\/\/szfertilizermachine.com\/es\/wp-json\/wp\/v2\/media?parent=767"}],"curies":[{"name":"wp","href":"https:\/\/api.w.org\/{rel}","templated":true}]}}