{"id":764,"date":"2021-12-08T20:33:17","date_gmt":"2021-12-08T20:33:17","guid":{"rendered":"https:\/\/gpsites.co\/construction\/?page_id=31"},"modified":"2023-03-17T14:52:23","modified_gmt":"2023-03-17T06:52:23","slug":"entreprise","status":"publish","type":"page","link":"https:\/\/szfertilizermachine.com\/fr\/company\/","title":{"rendered":"Entreprise"},"content":{"rendered":"<div class=\"gb-container gb-container-e36cb5b5\"><div class=\"gb-inside-container\">\n\n<h2 class=\"gb-headline gb-headline-f06754a0 gb-headline-text\">\u00c0 propos de notre entreprise<\/h2>\n\n<\/div><\/div>\n\n<div class=\"gb-container gb-container-d35ae499\"><div class=\"gb-inside-container\">\n\n<p class=\"gb-headline gb-headline-9f5bb24c gb-headline-text\"> En tant que fabricant leader de ligne de production d'engrais et de tous les produits auxiliaires, Shunzhi s'efforce de vous fournir des produits de la meilleure qualit\u00e9 ainsi que des services chaleureux. Nous sommes leaders sur l'ensemble du march\u00e9 des engrais depuis plus de 30 ans. Faites-nous confiance et vous ne vous tromperez jamais. <\/p>\n\n\n<div class=\"gb-grid-wrapper gb-grid-wrapper-a301a3e5\">\n<div class=\"gb-grid-column gb-grid-column-01b6276d\"><div class=\"gb-container gb-container-01b6276d\"><div class=\"gb-inside-container\">\n\n<h5 class=\"gb-headline gb-headline-ebe21408\"><span class=\"gb-icon\"><svg height=\"512\" width=\"512\" viewbox=\"0 0 24 24\" data-name=\"Layer 1\" id=\"Layer_1\" xmlns=\"http:\/\/www.w3.org\/2000\/svg\"><path d=\"M12,16a4,4,0,1,1,4-4A4,4,0,0,1,12,16ZM5.683,16H1a1,1,0,0,1-1-1A6.022,6.022,0,0,1,5.131,9.084a1,1,0,0,1,1.1,1.266A6.009,6.009,0,0,0,6,12a5.937,5.937,0,0,0,.586,2.57,1,1,0,0,1-.9,1.43ZM17,24H7a1,1,0,0,1-1-1,6,6,0,0,1,12,0A1,1,0,0,1,17,24ZM18,8a4,4,0,1,1,4-4A4,4,0,0,1,18,8ZM6,8a4,4,0,1,1,4-4A4,4,0,0,1,6,8Zm17,8H18.317a1,1,0,0,1-.9-1.43A5.937,5.937,0,0,0,18,12a6.009,6.009,0,0,0-.236-1.65,1,1,0,0,1,1.105-1.266A6.022,6.022,0,0,1,24,15,1,1,0,0,1,23,16Z\"><\/path><\/svg><\/span><span class=\"gb-headline-text\">\u00c9quipe professionnelle<\/span><\/h5>\n\n\n\n<p class=\"gb-headline gb-headline-48d0148f gb-headline-text\">Henan Shunzhi emploie des milliers de personnes, notamment des \u00e9quipes de production, d'assemblage, de vente et des ing\u00e9nieurs professionnels.<\/p>\n\n<\/div><\/div><\/div>\n\n<div class=\"gb-grid-column gb-grid-column-fd2ea4f2\"><div class=\"gb-container gb-container-fd2ea4f2\"><div class=\"gb-inside-container\">\n\n<h5 class=\"gb-headline gb-headline-a858c3d9\"><span class=\"gb-icon\"><svg data-name=\"Layer 1\" xmlns=\"http:\/\/www.w3.org\/2000\/svg\" width=\"512\" viewbox=\"0 0 24 24\" height=\"512\" id=\"Layer_1\"><path d=\"m14.6 21.3c-.3.226-.619.464-.89.7h2.29a1 1 0 0 1 0 2h-4a1 1 0 0 1 -1-1c0-1.5 1.275-2.456 2.4-3.3.75-.562 1.6-1.2 1.6-1.7a1 1 0 0 0 -2 0 1 1 0 0 1 -2 0 3 3 0 0 1 6 0c0 1.5-1.275 2.456-2.4 3.3zm8.4-6.3a1 1 0 0 0 -1 1v3h-1a1 1 0 0 1 -1-1v-2a1 1 0 0 0 -2 0v2a3 3 0 0 0 3 3h1v2a1 1 0 0 0 2 0v-7a1 1 0 0 0 -1-1zm-10-3v-5a1 1 0 0 0 -2 0v4h-3a1 1 0 0 0 0 2h4a1 1 0 0 0 1-1zm10-10a1 1 0 0 0 -1 1v2.374a12 12 0 1 0 -14.364 17.808 1.015 1.015 0 0 0 .364.068 1 1 0 0 0 .364-1.932 10 10 0 1 1 12.272-14.318h-2.636a1 1 0 0 0 0 2h3a3 3 0 0 0 3-3v-3a1 1 0 0 0 -1-1z\"><\/path><\/svg><\/span><span class=\"gb-headline-text\">Service client\u00e8le<\/span><\/h5>\n\n\n\n<p class=\"gb-headline gb-headline-a4092bfc gb-headline-text\">Henan Shunzhi peut non seulement fournir aux clients des \u00e9quipements autonomes, mais aussi une \u00e9quipe de service apr\u00e8s-vente.<\/p>\n\n<\/div><\/div><\/div>\n\n<div class=\"gb-grid-column gb-grid-column-c494b1ba\"><div class=\"gb-container gb-container-c494b1ba\"><div class=\"gb-inside-container\">\n\n<h5 class=\"gb-headline gb-headline-2a0fdda3\"><span class=\"gb-icon\"><svg height=\"512\" width=\"512\" viewbox=\"0 0 24 24\" data-name=\"Layer 1\" id=\"Layer_1\" xmlns=\"http:\/\/www.w3.org\/2000\/svg\"><path d=\"M20,3c0-1.654-1.346-3-3-3H3C1.346,0,0,1.346,0,3v2c0,1.654,1.346,3,3,3h14c1.654,0,3-1.346,3-3,1.103,0,2,.897,2,2v1c0,1.103-.897,2-2,2h-7c-2.206,0-4,1.794-4,4v.184c-1.161,.414-2,1.514-2,2.816v4c0,1.654,1.346,3,3,3s3-1.346,3-3v-4c0-1.302-.839-2.402-2-2.816v-.184c0-1.103,.897-2,2-2h7c2.206,0,4-1.794,4-4v-1c0-2.206-1.794-4-4-4Zm-2,2c0,.552-.449,1-1,1H3c-.551,0-1-.448-1-1V3c0-.552,.449-1,1-1h14c.551,0,1,.448,1,1v2Zm-7,16c0,.552-.449,1-1,1s-1-.448-1-1v-4c0-.552,.449-1,1-1s1,.448,1,1v4Z\"><\/path><\/svg><\/span><span class=\"gb-headline-text\">Maintenance<\/span><\/h5>\n\n\n\n<p class=\"gb-headline gb-headline-0fdd292e gb-headline-text\">Afin de garantir les int\u00e9r\u00eats pratiques des clients, Henan Shunzhi Machinery contr\u00f4le strictement la qualit\u00e9 de ses produits.<\/p>\n\n<\/div><\/div><\/div>\n<\/div>\n<\/div><\/div>\n\n<div class=\"gb-container gb-container-8e0e7af0\"><div class=\"gb-inside-container\">\n<div class=\"gb-grid-wrapper gb-grid-wrapper-be11a1dd\">\n<div class=\"gb-grid-column gb-grid-column-c3eb1f83\"><div class=\"gb-container gb-container-c3eb1f83\"><div class=\"gb-inside-container\">\n\n<figure class=\"gb-block-image gb-block-image-185a2c11\"><img decoding=\"async\" width=\"500\" height=\"400\" class=\"gb-image gb-image-185a2c11\" src=\"https:\/\/szfertilizermachine.com\/wp-content\/uploads\/2022\/08\/sheep-manure-fertilizer-production-line.jpg\" alt=\"\" title=\"fumier de mouton-engrais-ligne de production\" srcset=\"https:\/\/szfertilizermachine.com\/wp-content\/uploads\/2022\/08\/sheep-manure-fertilizer-production-line.jpg 500w, https:\/\/szfertilizermachine.com\/wp-content\/uploads\/2022\/08\/sheep-manure-fertilizer-production-line-300x240.jpg 300w\" sizes=\"(max-width: 500px) 100vw, 500px\" \/><\/figure>\n\n<\/div><\/div><\/div>\n\n<div class=\"gb-grid-column gb-grid-column-f1dfc26b\"><div class=\"gb-container gb-container-f1dfc26b\"><div class=\"gb-inside-container\">\n\n<figure class=\"gb-block-image gb-block-image-c5c24791\"><img decoding=\"async\" width=\"500\" height=\"400\" class=\"gb-image gb-image-c5c24791\" src=\"https:\/\/szfertilizermachine.com\/wp-content\/uploads\/2022\/08\/line.jpg\" alt=\"\" title=\"ligne\" srcset=\"https:\/\/szfertilizermachine.com\/wp-content\/uploads\/2022\/08\/line.jpg 500w, https:\/\/szfertilizermachine.com\/wp-content\/uploads\/2022\/08\/line-300x240.jpg 300w\" sizes=\"(max-width: 500px) 100vw, 500px\" \/><\/figure>\n\n<\/div><\/div><\/div>\n\n<div class=\"gb-grid-column gb-grid-column-abbf067f\"><div class=\"gb-container gb-container-abbf067f\"><div class=\"gb-inside-container\">\n\n<figure class=\"gb-block-image gb-block-image-be6819a8\"><img decoding=\"async\" width=\"500\" height=\"400\" class=\"gb-image gb-image-be6819a8\" src=\"https:\/\/szfertilizermachine.com\/wp-content\/uploads\/2022\/08\/production-line-1.jpg\" alt=\"\" title=\"ligne de production\" srcset=\"https:\/\/szfertilizermachine.com\/wp-content\/uploads\/2022\/08\/production-line-1.jpg 500w, https:\/\/szfertilizermachine.com\/wp-content\/uploads\/2022\/08\/production-line-1-300x240.jpg 300w\" sizes=\"(max-width: 500px) 100vw, 500px\" \/><\/figure>\n\n<\/div><\/div><\/div>\n\n<div class=\"gb-grid-column gb-grid-column-2b7e449b\"><div class=\"gb-container gb-container-2b7e449b\"><div class=\"gb-inside-container\">\n\n<figure class=\"gb-block-image gb-block-image-a3092ced\"><img decoding=\"async\" width=\"500\" height=\"400\" class=\"gb-image gb-image-a3092ced\" src=\"https:\/\/szfertilizermachine.com\/wp-content\/uploads\/2022\/08\/compost-turner.jpg\" alt=\"\" title=\"retourneur de compost\" srcset=\"https:\/\/szfertilizermachine.com\/wp-content\/uploads\/2022\/08\/compost-turner.jpg 500w, https:\/\/szfertilizermachine.com\/wp-content\/uploads\/2022\/08\/compost-turner-300x240.jpg 300w\" sizes=\"(max-width: 500px) 100vw, 500px\" \/><\/figure>\n\n<\/div><\/div><\/div>\n\n<div class=\"gb-grid-column gb-grid-column-b9d9238f\"><div class=\"gb-container gb-container-b9d9238f\"><div class=\"gb-inside-container\">\n\n<figure class=\"gb-block-image gb-block-image-b281d960\"><img decoding=\"async\" width=\"500\" height=\"400\" class=\"gb-image gb-image-b281d960\" src=\"https:\/\/szfertilizermachine.com\/wp-content\/uploads\/2022\/08\/chain-crusher-1.jpg\" alt=\"\" title=\"broyeur de cha\u00eenes\" srcset=\"https:\/\/szfertilizermachine.com\/wp-content\/uploads\/2022\/08\/chain-crusher-1.jpg 500w, https:\/\/szfertilizermachine.com\/wp-content\/uploads\/2022\/08\/chain-crusher-1-300x240.jpg 300w\" sizes=\"(max-width: 500px) 100vw, 500px\" \/><\/figure>\n\n<\/div><\/div><\/div>\n\n<div class=\"gb-grid-column gb-grid-column-bb27d2e7\"><div class=\"gb-container gb-container-bb27d2e7\"><div class=\"gb-inside-container\">\n\n<figure class=\"gb-block-image gb-block-image-91ceb650\"><img decoding=\"async\" width=\"500\" height=\"400\" class=\"gb-image gb-image-91ceb650\" src=\"https:\/\/szfertilizermachine.com\/wp-content\/uploads\/2022\/08\/chain-plate-fertilizer-compost-machine.jpg\" alt=\"\" title=\"plaque-cha\u00eene-engrais-compost-machine\" srcset=\"https:\/\/szfertilizermachine.com\/wp-content\/uploads\/2022\/08\/chain-plate-fertilizer-compost-machine.jpg 500w, https:\/\/szfertilizermachine.com\/wp-content\/uploads\/2022\/08\/chain-plate-fertilizer-compost-machine-300x240.jpg 300w\" sizes=\"(max-width: 500px) 100vw, 500px\" \/><\/figure>\n\n<\/div><\/div><\/div>\n<\/div>\n<\/div><\/div>\n\n<div class=\"gb-container gb-container-562aef2a\"><div class=\"gb-inside-container\">\n<div class=\"gb-grid-wrapper gb-grid-wrapper-d91c416d\">\n<div class=\"gb-grid-column gb-grid-column-adfe7938\"><div class=\"gb-container gb-container-adfe7938\"><div class=\"gb-inside-container\">\n\n<h4 class=\"gb-headline gb-headline-41fa7eca gb-headline-text\">Vue d'ensemble<\/h4>\n\n<\/div><\/div><\/div>\n\n<div class=\"gb-grid-column gb-grid-column-2aafe08b\"><div class=\"gb-container gb-container-2aafe08b\"><div class=\"gb-inside-container\">\n\n<p id=\"cs\">Henan Shunzhi Machinery Co. est l'un des principaux fabricants d'\u00e9quipements de fertilisation en Chine. L'entreprise dispose de capacit\u00e9s de production modernes et d'une excellente \u00e9quipe de recherche et d\u00e9veloppement compos\u00e9e d'ing\u00e9nieurs professionnels. Depuis sa cr\u00e9ation, elle s'est engag\u00e9e dans la recherche et le d\u00e9veloppement de nouveaux produits et de nouvelles technologies, afin que ses produits puissent atteindre le niveau mondial le plus avanc\u00e9.<\/p>\n\n\n\n<p id=\"cs\">Nous pouvons non seulement fournir une gamme compl\u00e8te d'\u00e9quipements d'engrais, y compris des concasseurs d'engrais, des m\u00e9langeurs d'engrais, des granulateurs d'engrais, des s\u00e9choirs d'engrais, des machines de criblage d'engrais, des machines de tournage d'engrais et d'autres \u00e9quipements, mais aussi fournir des solutions globales. En particulier, la ligne de production d'engrais organiques d\u00e9velopp\u00e9e sur la base de nombreuses ann\u00e9es d'exp\u00e9rience professionnelle a \u00e9t\u00e9 reconnue par de nombreux clients.<\/p>\n\n<\/div><\/div><\/div>\n<\/div>\n<\/div><\/div>\n\n<div class=\"gb-container gb-container-5bf3e37c\"><div class=\"gb-inside-container\">\n<div class=\"gb-grid-wrapper gb-grid-wrapper-21c2f5b0\">\n<div class=\"gb-grid-column gb-grid-column-a89b56e6\"><div class=\"gb-container gb-container-a89b56e6\"><div class=\"gb-inside-container\">\n\n<figure class=\"gb-block-image gb-block-image-e996e617\"><img decoding=\"async\" width=\"500\" height=\"400\" class=\"gb-image gb-image-e996e617\" src=\"https:\/\/szfertilizermachine.com\/wp-content\/uploads\/2022\/08\/crawler-type-compost-turner-1.jpg\" alt=\"\" title=\"Tour \u00e0 compost \u00e0 chenilles\" srcset=\"https:\/\/szfertilizermachine.com\/wp-content\/uploads\/2022\/08\/crawler-type-compost-turner-1.jpg 500w, https:\/\/szfertilizermachine.com\/wp-content\/uploads\/2022\/08\/crawler-type-compost-turner-1-300x240.jpg 300w\" sizes=\"(max-width: 500px) 100vw, 500px\" \/><\/figure>\n\n\n\n<figure class=\"gb-block-image gb-block-image-59a799f3\"><img decoding=\"async\" width=\"500\" height=\"400\" class=\"gb-image gb-image-59a799f3\" src=\"https:\/\/szfertilizermachine.com\/wp-content\/uploads\/2022\/08\/conveying-belt.jpg\" alt=\"\" title=\"bande transporteuse\" srcset=\"https:\/\/szfertilizermachine.com\/wp-content\/uploads\/2022\/08\/conveying-belt.jpg 500w, https:\/\/szfertilizermachine.com\/wp-content\/uploads\/2022\/08\/conveying-belt-300x240.jpg 300w\" sizes=\"(max-width: 500px) 100vw, 500px\" \/><\/figure>\n\n<\/div><\/div><\/div>\n\n<div class=\"gb-grid-column gb-grid-column-83f9e375\"><div class=\"gb-container gb-container-83f9e375\"><div class=\"gb-inside-container\"><\/div><\/div><\/div>\n\n<div class=\"gb-grid-column gb-grid-column-e5a2a644\"><div class=\"gb-container gb-container-e5a2a644\"><div class=\"gb-inside-container\">\n\n<figure class=\"gb-block-image gb-block-image-3eeca994\"><img decoding=\"async\" width=\"500\" height=\"400\" class=\"gb-image gb-image-3eeca994\" src=\"https:\/\/szfertilizermachine.com\/wp-content\/uploads\/2022\/08\/fermentation-cylinder-1.jpg\" alt=\"\" title=\"cylindre de fermentation\" srcset=\"https:\/\/szfertilizermachine.com\/wp-content\/uploads\/2022\/08\/fermentation-cylinder-1.jpg 500w, https:\/\/szfertilizermachine.com\/wp-content\/uploads\/2022\/08\/fermentation-cylinder-1-300x240.jpg 300w\" sizes=\"(max-width: 500px) 100vw, 500px\" \/><\/figure>\n\n\n\n<figure class=\"gb-block-image gb-block-image-22712043\"><img decoding=\"async\" width=\"500\" height=\"400\" class=\"gb-image gb-image-22712043\" src=\"https:\/\/szfertilizermachine.com\/wp-content\/uploads\/2022\/08\/fertilizer-fermentation-cylinder.jpg\" alt=\"\" title=\"engrais-fermentation-cylindre\" srcset=\"https:\/\/szfertilizermachine.com\/wp-content\/uploads\/2022\/08\/fertilizer-fermentation-cylinder.jpg 500w, https:\/\/szfertilizermachine.com\/wp-content\/uploads\/2022\/08\/fertilizer-fermentation-cylinder-300x240.jpg 300w\" sizes=\"(max-width: 500px) 100vw, 500px\" \/><\/figure>\n\n<\/div><\/div><\/div>\n<\/div>\n<\/div><\/div>\n\n<div class=\"gb-container gb-container-946e073e\"><div class=\"gb-inside-container\">\n<div class=\"gb-grid-wrapper gb-grid-wrapper-d04a366e\">\n<div class=\"gb-grid-column gb-grid-column-086bb1ef\"><div class=\"gb-container gb-container-086bb1ef\"><div class=\"gb-inside-container\">\n\n<h4 class=\"gb-headline gb-headline-c1a5abcb gb-headline-text\">Solution<\/h4>\n\n<\/div><\/div><\/div>\n\n<div class=\"gb-grid-column gb-grid-column-57a11d49\"><div class=\"gb-container gb-container-57a11d49\"><div class=\"gb-inside-container\">\n\n<p>Nos produits sont largement utilis\u00e9s dans les engrais de ferme, la production d'engrais organiques et d'autres domaines. Les \u00e9quipements de Henan Shunzhi sont export\u00e9s dans plus de 100 pays et r\u00e9gions du monde. Notre objectif est de fournir des produits et des services fiables aux clients du monde entier et de cr\u00e9er de la valeur pour les clients.<\/p>\n\n\n<div class=\"gb-grid-wrapper gb-grid-wrapper-d3d6aa69\">\n<div class=\"gb-grid-column gb-grid-column-89b058e0\"><div class=\"gb-container gb-container-89b058e0\"><div class=\"gb-inside-container\">\n\n<h2 class=\"gb-headline gb-headline-30c206c4 gb-headline-text\">8,125<\/h2>\n\n\n\n<p class=\"gb-headline gb-headline-21f61cb8 gb-headline-text\">projets achev\u00e9s<\/p>\n\n<\/div><\/div><\/div>\n\n<div class=\"gb-grid-column gb-grid-column-570123bb\"><div class=\"gb-container gb-container-570123bb\"><div class=\"gb-inside-container\">\n\n<h2 class=\"gb-headline gb-headline-761aa301 gb-headline-text\">5,647<\/h2>\n\n\n\n<p class=\"gb-headline gb-headline-77ef5909 gb-headline-text\">Des clients satisfaits<\/p>\n\n<\/div><\/div><\/div>\n\n<div class=\"gb-grid-column gb-grid-column-a17e3619\"><div class=\"gb-container gb-container-a17e3619\"><div class=\"gb-inside-container\">\n\n<h2 class=\"gb-headline gb-headline-556192c0 gb-headline-text\">31<\/h2>\n\n\n\n<p class=\"gb-headline gb-headline-4174e474 gb-headline-text\">partenaires<\/p>\n\n<\/div><\/div><\/div>\n<\/div>\n<\/div><\/div><\/div>\n<\/div>\n<\/div><\/div>\n\n<div class=\"gb-container gb-container-9152c0bb\"><div class=\"gb-inside-container\">\n\n<h4 class=\"gb-headline gb-headline-9364063c gb-headline-text\">T\u00e9moignage d'un client<\/h4>\n\n\n<div class=\"gb-grid-wrapper gb-grid-wrapper-40a4fd8b\">\n<div class=\"gb-grid-column gb-grid-column-1f35931f\"><div class=\"gb-container gb-container-1f35931f\"><div class=\"gb-inside-container\">\n\n<p class=\"gb-headline gb-headline-302be705 gb-headline-text\"><em>Pour d\u00e9marrer une activit\u00e9 de transformation de d\u00e9chets animaux en engrais, nous avons achet\u00e9 une ligne de production d'engrais organiques de 20 t\/h \u00e0 Shunzhi il y a deux ans. Tous les membres de Shunzhi sont absolument professionnels. L'\u00e9quipe de service avant-vente a r\u00e9solu toutes les questions que nous avons rencontr\u00e9es et nous a fait une conception de planification r\u00e9fl\u00e9chie en fonction de l'agencement de notre usine et de la capacit\u00e9 de notre entreprise. Les machines fonctionnent sans probl\u00e8me et l'efficacit\u00e9 est tr\u00e8s \u00e9lev\u00e9e. Nous recommandons l'\u00e9quipement de traitement des engrais Shunzhi !  <\/em><\/p>\n\n\n\n<p class=\"gb-headline gb-headline-c50e942b gb-headline-text\"><strong>Andrew Mason<\/strong> (PDG de l'entreprise)<\/p>\n\n<\/div><\/div><\/div>\n<\/div>\n<\/div><\/div>","protected":false},"excerpt":{"rendered":"<p>About Our Company As a leading manufacturer of fertilizer production line and all auxiliary products, &#8230; <a title=\"Entreprise\" class=\"read-more\" href=\"https:\/\/szfertilizermachine.com\/fr\/company\/\" aria-label=\"En savoir plus sur Company\">Lire plus<\/a><\/p>","protected":false},"author":1,"featured_media":0,"parent":0,"menu_order":0,"comment_status":"closed","ping_status":"closed","template":"","meta":{"footnotes":""},"class_list":["post-764","page","type-page","status-publish"],"yoast_head":"<!-- This site is optimized with the Yoast SEO plugin v27.4 - https:\/\/yoast.com\/product\/yoast-seo-wordpress\/ -->\n<title>Company - SHUNZHI FERTILIZER MACHINERY<\/title>\n<meta name=\"robots\" content=\"index, follow, max-snippet:-1, max-image-preview:large, max-video-preview:-1\" \/>\n<link rel=\"canonical\" href=\"https:\/\/szfertilizermachine.com\/fr\/entreprise\/\" \/>\n<meta property=\"og:locale\" content=\"fr_FR\" \/>\n<meta property=\"og:type\" content=\"article\" \/>\n<meta property=\"og:title\" content=\"Company - SHUNZHI FERTILIZER MACHINERY\" \/>\n<meta property=\"og:description\" content=\"About Our Company As a leading manufacturer of fertilizer production line and all auxiliary products, ... Lire plus\" \/>\n<meta property=\"og:url\" content=\"https:\/\/szfertilizermachine.com\/fr\/entreprise\/\" \/>\n<meta property=\"og:site_name\" content=\"SHUNZHI FERTILIZER MACHINERY\" \/>\n<meta property=\"article:modified_time\" content=\"2023-03-17T06:52:23+00:00\" \/>\n<meta property=\"og:image\" content=\"https:\/\/szfertilizermachine.com\/wp-content\/uploads\/2022\/08\/sheep-manure-fertilizer-production-line.jpg\" \/>\n<meta name=\"twitter:card\" content=\"summary_large_image\" \/>\n<meta name=\"twitter:label1\" content=\"Dur\u00e9e de lecture estim\u00e9e\" \/>\n\t<meta name=\"twitter:data1\" content=\"4 minutes\" \/>\n<script type=\"application\/ld+json\" class=\"yoast-schema-graph\">{\"@context\":\"https:\\\/\\\/schema.org\",\"@graph\":[{\"@type\":\"WebPage\",\"@id\":\"https:\\\/\\\/szfertilizermachine.com\\\/company\\\/\",\"url\":\"https:\\\/\\\/szfertilizermachine.com\\\/company\\\/\",\"name\":\"Company - SHUNZHI FERTILIZER MACHINERY\",\"isPartOf\":{\"@id\":\"https:\\\/\\\/szfertilizermachine.com\\\/#website\"},\"primaryImageOfPage\":{\"@id\":\"https:\\\/\\\/szfertilizermachine.com\\\/company\\\/#primaryimage\"},\"image\":{\"@id\":\"https:\\\/\\\/szfertilizermachine.com\\\/company\\\/#primaryimage\"},\"thumbnailUrl\":\"https:\\\/\\\/szfertilizermachine.com\\\/wp-content\\\/uploads\\\/2022\\\/08\\\/sheep-manure-fertilizer-production-line.jpg\",\"datePublished\":\"2021-12-08T20:33:17+00:00\",\"dateModified\":\"2023-03-17T06:52:23+00:00\",\"breadcrumb\":{\"@id\":\"https:\\\/\\\/szfertilizermachine.com\\\/company\\\/#breadcrumb\"},\"inLanguage\":\"fr-FR\",\"potentialAction\":[{\"@type\":\"ReadAction\",\"target\":[\"https:\\\/\\\/szfertilizermachine.com\\\/company\\\/\"]}]},{\"@type\":\"ImageObject\",\"inLanguage\":\"fr-FR\",\"@id\":\"https:\\\/\\\/szfertilizermachine.com\\\/company\\\/#primaryimage\",\"url\":\"https:\\\/\\\/szfertilizermachine.com\\\/wp-content\\\/uploads\\\/2022\\\/08\\\/sheep-manure-fertilizer-production-line.jpg\",\"contentUrl\":\"https:\\\/\\\/szfertilizermachine.com\\\/wp-content\\\/uploads\\\/2022\\\/08\\\/sheep-manure-fertilizer-production-line.jpg\"},{\"@type\":\"BreadcrumbList\",\"@id\":\"https:\\\/\\\/szfertilizermachine.com\\\/company\\\/#breadcrumb\",\"itemListElement\":[{\"@type\":\"ListItem\",\"position\":1,\"name\":\"Home\",\"item\":\"https:\\\/\\\/szfertilizermachine.com\\\/\"},{\"@type\":\"ListItem\",\"position\":2,\"name\":\"Company\"}]},{\"@type\":\"WebSite\",\"@id\":\"https:\\\/\\\/szfertilizermachine.com\\\/#website\",\"url\":\"https:\\\/\\\/szfertilizermachine.com\\\/\",\"name\":\"SHUNZHI FERTILIZER MACHINERY\",\"description\":\"SHUNZHI Fertilizer Machine and Production Line\",\"publisher\":{\"@id\":\"https:\\\/\\\/szfertilizermachine.com\\\/#organization\"},\"potentialAction\":[{\"@type\":\"SearchAction\",\"target\":{\"@type\":\"EntryPoint\",\"urlTemplate\":\"https:\\\/\\\/szfertilizermachine.com\\\/?s={search_term_string}\"},\"query-input\":{\"@type\":\"PropertyValueSpecification\",\"valueRequired\":true,\"valueName\":\"search_term_string\"}}],\"inLanguage\":\"fr-FR\"},{\"@type\":\"Organization\",\"@id\":\"https:\\\/\\\/szfertilizermachine.com\\\/#organization\",\"name\":\"SHUNZHI FERTILIZER MACHINERY\",\"url\":\"https:\\\/\\\/szfertilizermachine.com\\\/\",\"logo\":{\"@type\":\"ImageObject\",\"inLanguage\":\"fr-FR\",\"@id\":\"https:\\\/\\\/szfertilizermachine.com\\\/#\\\/schema\\\/logo\\\/image\\\/\",\"url\":\"https:\\\/\\\/szfertilizermachine.com\\\/wp-content\\\/uploads\\\/2025\\\/03\\\/shunzhi-logo-new.png\",\"contentUrl\":\"https:\\\/\\\/szfertilizermachine.com\\\/wp-content\\\/uploads\\\/2025\\\/03\\\/shunzhi-logo-new.png\",\"width\":13758,\"height\":5946,\"caption\":\"SHUNZHI FERTILIZER MACHINERY\"},\"image\":{\"@id\":\"https:\\\/\\\/szfertilizermachine.com\\\/#\\\/schema\\\/logo\\\/image\\\/\"}}]}<\/script>\n<!-- \/ Yoast SEO plugin. -->","yoast_head_json":{"title":"Entreprise - SHUNZHI FERTILIZER MACHINERY","robots":{"index":"index","follow":"follow","max-snippet":"max-snippet:-1","max-image-preview":"max-image-preview:large","max-video-preview":"max-video-preview:-1"},"canonical":"https:\/\/szfertilizermachine.com\/fr\/entreprise\/","og_locale":"fr_FR","og_type":"article","og_title":"Company - SHUNZHI FERTILIZER MACHINERY","og_description":"About Our Company As a leading manufacturer of fertilizer production line and all auxiliary products, ... Lire plus","og_url":"https:\/\/szfertilizermachine.com\/fr\/entreprise\/","og_site_name":"SHUNZHI FERTILIZER MACHINERY","article_modified_time":"2023-03-17T06:52:23+00:00","og_image":[{"url":"https:\/\/szfertilizermachine.com\/wp-content\/uploads\/2022\/08\/sheep-manure-fertilizer-production-line.jpg","type":"","width":"","height":""}],"twitter_card":"summary_large_image","twitter_misc":{"Dur\u00e9e de lecture estim\u00e9e":"4 minutes"},"schema":{"@context":"https:\/\/schema.org","@graph":[{"@type":"WebPage","@id":"https:\/\/szfertilizermachine.com\/company\/","url":"https:\/\/szfertilizermachine.com\/company\/","name":"Entreprise - SHUNZHI FERTILIZER MACHINERY","isPartOf":{"@id":"https:\/\/szfertilizermachine.com\/#website"},"primaryImageOfPage":{"@id":"https:\/\/szfertilizermachine.com\/company\/#primaryimage"},"image":{"@id":"https:\/\/szfertilizermachine.com\/company\/#primaryimage"},"thumbnailUrl":"https:\/\/szfertilizermachine.com\/wp-content\/uploads\/2022\/08\/sheep-manure-fertilizer-production-line.jpg","datePublished":"2021-12-08T20:33:17+00:00","dateModified":"2023-03-17T06:52:23+00:00","breadcrumb":{"@id":"https:\/\/szfertilizermachine.com\/company\/#breadcrumb"},"inLanguage":"fr-FR","potentialAction":[{"@type":"ReadAction","target":["https:\/\/szfertilizermachine.com\/company\/"]}]},{"@type":"ImageObject","inLanguage":"fr-FR","@id":"https:\/\/szfertilizermachine.com\/company\/#primaryimage","url":"https:\/\/szfertilizermachine.com\/wp-content\/uploads\/2022\/08\/sheep-manure-fertilizer-production-line.jpg","contentUrl":"https:\/\/szfertilizermachine.com\/wp-content\/uploads\/2022\/08\/sheep-manure-fertilizer-production-line.jpg"},{"@type":"BreadcrumbList","@id":"https:\/\/szfertilizermachine.com\/company\/#breadcrumb","itemListElement":[{"@type":"ListItem","position":1,"name":"Home","item":"https:\/\/szfertilizermachine.com\/"},{"@type":"ListItem","position":2,"name":"Company"}]},{"@type":"WebSite","@id":"https:\/\/szfertilizermachine.com\/#website","url":"https:\/\/szfertilizermachine.com\/","name":"SHUNZHI FERTILIZER MACHINERY","description":"Machines et lignes de production d'engrais SHUNZHI","publisher":{"@id":"https:\/\/szfertilizermachine.com\/#organization"},"potentialAction":[{"@type":"SearchAction","target":{"@type":"EntryPoint","urlTemplate":"https:\/\/szfertilizermachine.com\/?s={search_term_string}"},"query-input":{"@type":"PropertyValueSpecification","valueRequired":true,"valueName":"search_term_string"}}],"inLanguage":"fr-FR"},{"@type":"Organization","@id":"https:\/\/szfertilizermachine.com\/#organization","name":"SHUNZHI FERTILIZER MACHINERY","url":"https:\/\/szfertilizermachine.com\/","logo":{"@type":"ImageObject","inLanguage":"fr-FR","@id":"https:\/\/szfertilizermachine.com\/#\/schema\/logo\/image\/","url":"https:\/\/szfertilizermachine.com\/wp-content\/uploads\/2025\/03\/shunzhi-logo-new.png","contentUrl":"https:\/\/szfertilizermachine.com\/wp-content\/uploads\/2025\/03\/shunzhi-logo-new.png","width":13758,"height":5946,"caption":"SHUNZHI FERTILIZER MACHINERY"},"image":{"@id":"https:\/\/szfertilizermachine.com\/#\/schema\/logo\/image\/"}}]}},"_links":{"self":[{"href":"https:\/\/szfertilizermachine.com\/fr\/wp-json\/wp\/v2\/pages\/764","targetHints":{"allow":["GET"]}}],"collection":[{"href":"https:\/\/szfertilizermachine.com\/fr\/wp-json\/wp\/v2\/pages"}],"about":[{"href":"https:\/\/szfertilizermachine.com\/fr\/wp-json\/wp\/v2\/types\/page"}],"author":[{"embeddable":true,"href":"https:\/\/szfertilizermachine.com\/fr\/wp-json\/wp\/v2\/users\/1"}],"replies":[{"embeddable":true,"href":"https:\/\/szfertilizermachine.com\/fr\/wp-json\/wp\/v2\/comments?post=764"}],"version-history":[{"count":17,"href":"https:\/\/szfertilizermachine.com\/fr\/wp-json\/wp\/v2\/pages\/764\/revisions"}],"predecessor-version":[{"id":2742,"href":"https:\/\/szfertilizermachine.com\/fr\/wp-json\/wp\/v2\/pages\/764\/revisions\/2742"}],"wp:attachment":[{"href":"https:\/\/szfertilizermachine.com\/fr\/wp-json\/wp\/v2\/media?parent=764"}],"curies":[{"name":"wp","href":"https:\/\/api.w.org\/{rel}","templated":true}]}}