{"id":766,"date":"2021-12-08T20:34:00","date_gmt":"2021-12-08T20:34:00","guid":{"rendered":"https:\/\/gpsites.co\/construction\/?page_id=37"},"modified":"2023-03-17T14:39:44","modified_gmt":"2023-03-17T06:39:44","slug":"projets","status":"publish","type":"page","link":"https:\/\/szfertilizermachine.com\/fr\/projects\/","title":{"rendered":"Projets"},"content":{"rendered":"<div class=\"gb-container gb-container-281d532b\"><div class=\"gb-inside-container\">\n\n<h6 class=\"gb-headline gb-headline-1f11647f gb-headline-text\">Caract\u00e9ristiques des projets<\/h6>\n\n\n\n<h3 class=\"gb-headline gb-headline-8ac07885 gb-headline-text\">Nos derniers cas<\/h3>\n\n\n<div class=\"gb-grid-wrapper gb-grid-wrapper-26048fbe\">\n<div class=\"gb-grid-column gb-grid-column-59d9fe60\"><div class=\"gb-container gb-container-59d9fe60 drop-shadow\"><div class=\"gb-inside-container\">\n<div class=\"gb-grid-wrapper gb-grid-wrapper-a120cbfb\">\n<div class=\"gb-grid-column gb-grid-column-b2462283\"><div class=\"gb-container gb-container-b2462283\"><div class=\"gb-inside-container\"><\/div><\/div><\/div>\n\n<div class=\"gb-grid-column gb-grid-column-e0fef27e\"><div class=\"gb-container gb-container-e0fef27e\"><div class=\"gb-inside-container\">\n\n<h5 class=\"gb-headline gb-headline-691289ae gb-headline-text\"><strong>Ligne de production d'engrais organique \u00e0 base de fumier de porc en Slovaquie<\/strong><\/h5>\n\n\n\n<p class=\"gb-headline gb-headline-90a33073 gb-headline-text\">Solutions d'engrais \u00e0 partir de d\u00e9chets de fumier<\/p>\n\n\n\n<p class=\"gb-headline gb-headline-55f748b7 gb-headline-text\">La ligne de production d'engrais organiques \u00e0 base de lisier de porc broie et m\u00e9lange le lisier de porc compost\u00e9, puis le granule.<\/p>\n\n\n<div class=\"gb-button-wrapper gb-button-wrapper-9c64b5e8\">\n\n<a class=\"gb-button gb-button-0d9c2878\" href=\"#popmake-1575\"><span class=\"gb-button-text\">Obtenir plus d'informations<\/span><span class=\"gb-icon\"><svg xmlns=\"http:\/\/www.w3.org\/2000\/svg\" style=\"enable-background:new 0 0 44.952 44.952\" xml:space=\"preserve\" viewbox=\"0 0 44.952 44.952\"><path d=\"M44.952 22.108c0-1.25-.478-2.424-1.362-3.308L30.627 5.831a2.5 2.5 0 0 0-3.536 0 2.511 2.511 0 0 0 0 3.546l10.574 10.57H2.484C1.102 19.948 0 21.081 0 22.464v.028c0 1.382 1.102 2.523 2.484 2.523h35.182L27.094 35.579a2.504 2.504 0 0 0 3.538 3.54l12.958-12.97a4.633 4.633 0 0 0 1.362-3.309v-.732z\"><\/path><\/svg><\/span><\/a>\n\n<\/div>\n<\/div><\/div><\/div>\n<\/div>\n<\/div><\/div><\/div>\n\n<div class=\"gb-grid-column gb-grid-column-eb5e0167\"><div class=\"gb-container gb-container-eb5e0167 drop-shadow\"><div class=\"gb-inside-container\">\n<div class=\"gb-grid-wrapper gb-grid-wrapper-ef6756fd\">\n<div class=\"gb-grid-column gb-grid-column-b6f4e4bb\"><div class=\"gb-container gb-container-b6f4e4bb\"><div class=\"gb-inside-container\"><\/div><\/div><\/div>\n\n<div class=\"gb-grid-column gb-grid-column-962885d1\"><div class=\"gb-container gb-container-962885d1\"><div class=\"gb-inside-container\">\n\n<h5 class=\"gb-headline gb-headline-9af0ac4e gb-headline-text\">Ligne de production de granul\u00e9s d'engrais compos\u00e9s en Espagne<\/h5>\n\n\n\n<p class=\"gb-headline gb-headline-bbb1b230 gb-headline-text\">Fabrication d'agglom\u00e9r\u00e9s NPK<\/p>\n\n\n\n<p class=\"gb-headline gb-headline-fa846028 gb-headline-text\">L'ensemble des \u00e9quipements est con\u00e7u de mani\u00e8re compacte. Ils fonctionnent en douceur avec une faible consommation d'\u00e9nergie et ont une bonne rentabilit\u00e9 \u00e9conomique.<\/p>\n\n\n<div class=\"gb-button-wrapper gb-button-wrapper-d2a3b209\">\n\n<a class=\"gb-button gb-button-64ba5dec\" href=\"#popmake-1575\"><span class=\"gb-button-text\">Obtenir plus d'informations<\/span><span class=\"gb-icon\"><svg xmlns=\"http:\/\/www.w3.org\/2000\/svg\" style=\"enable-background:new 0 0 44.952 44.952\" xml:space=\"preserve\" viewbox=\"0 0 44.952 44.952\"><path d=\"M44.952 22.108c0-1.25-.478-2.424-1.362-3.308L30.627 5.831a2.5 2.5 0 0 0-3.536 0 2.511 2.511 0 0 0 0 3.546l10.574 10.57H2.484C1.102 19.948 0 21.081 0 22.464v.028c0 1.382 1.102 2.523 2.484 2.523h35.182L27.094 35.579a2.504 2.504 0 0 0 3.538 3.54l12.958-12.97a4.633 4.633 0 0 0 1.362-3.309v-.732z\"><\/path><\/svg><\/span><\/a>\n\n<\/div>\n<\/div><\/div><\/div>\n<\/div>\n<\/div><\/div><\/div>\n\n<div class=\"gb-grid-column gb-grid-column-63380846\"><div class=\"gb-container gb-container-63380846 drop-shadow\"><div class=\"gb-inside-container\">\n<div class=\"gb-grid-wrapper gb-grid-wrapper-a745283b\">\n<div class=\"gb-grid-column gb-grid-column-8e27798d\"><div class=\"gb-container gb-container-8e27798d\"><div class=\"gb-inside-container\"><\/div><\/div><\/div>\n\n<div class=\"gb-grid-column gb-grid-column-936ec077\"><div class=\"gb-container gb-container-936ec077\"><div class=\"gb-inside-container\">\n\n<h5 class=\"gb-headline gb-headline-cf090471 gb-headline-text\">Ligne de production tch\u00e8que d'engrais m\u00e9lang\u00e9s en vrac<\/h5>\n\n\n\n<p class=\"gb-headline gb-headline-712c2aeb gb-headline-text\">Granulation simple de granul\u00e9s d'engrais BB<\/p>\n\n\n\n<p class=\"gb-headline gb-headline-7372ce14 gb-headline-text\">La ligne de production d'engrais BB \u00e0 dosage unique adopte un contr\u00f4le automatique des instruments, int\u00e9grant le dosage, le m\u00e9lange et l'emballage. <\/p>\n\n\n<div class=\"gb-button-wrapper gb-button-wrapper-8db18d7a\">\n\n<a class=\"gb-button gb-button-affbabc9\" href=\"#popmake-1575\"><span class=\"gb-button-text\">Obtenir plus d'informations<\/span><span class=\"gb-icon\"><svg xmlns=\"http:\/\/www.w3.org\/2000\/svg\" style=\"enable-background:new 0 0 44.952 44.952\" xml:space=\"preserve\" viewbox=\"0 0 44.952 44.952\"><path d=\"M44.952 22.108c0-1.25-.478-2.424-1.362-3.308L30.627 5.831a2.5 2.5 0 0 0-3.536 0 2.511 2.511 0 0 0 0 3.546l10.574 10.57H2.484C1.102 19.948 0 21.081 0 22.464v.028c0 1.382 1.102 2.523 2.484 2.523h35.182L27.094 35.579a2.504 2.504 0 0 0 3.538 3.54l12.958-12.97a4.633 4.633 0 0 0 1.362-3.309v-.732z\"><\/path><\/svg><\/span><\/a>\n\n<\/div>\n<\/div><\/div><\/div>\n<\/div>\n<\/div><\/div><\/div>\n<\/div>\n<\/div><\/div>","protected":false},"excerpt":{"rendered":"<p>Caract\u00e9ristiques projets Nos derni\u00e8res affaires<\/p>","protected":false},"author":1,"featured_media":0,"parent":0,"menu_order":0,"comment_status":"closed","ping_status":"closed","template":"","meta":{"footnotes":""},"class_list":["post-766","page","type-page","status-publish"],"yoast_head":"<!-- This site is optimized with the Yoast SEO plugin v27.4 - https:\/\/yoast.com\/product\/yoast-seo-wordpress\/ -->\n<title>Projects - SHUNZHI FERTILIZER MACHINERY<\/title>\n<meta name=\"robots\" content=\"index, follow, max-snippet:-1, max-image-preview:large, max-video-preview:-1\" \/>\n<link rel=\"canonical\" href=\"https:\/\/szfertilizermachine.com\/fr\/projets\/\" \/>\n<meta property=\"og:locale\" content=\"fr_FR\" \/>\n<meta property=\"og:type\" content=\"article\" \/>\n<meta property=\"og:title\" content=\"Projects - SHUNZHI FERTILIZER MACHINERY\" \/>\n<meta property=\"og:description\" content=\"Features projects Our latest Cases\" \/>\n<meta property=\"og:url\" content=\"https:\/\/szfertilizermachine.com\/fr\/projets\/\" \/>\n<meta property=\"og:site_name\" content=\"SHUNZHI FERTILIZER MACHINERY\" \/>\n<meta property=\"article:modified_time\" content=\"2023-03-17T06:39:44+00:00\" \/>\n<meta name=\"twitter:card\" content=\"summary_large_image\" \/>\n<meta name=\"twitter:label1\" content=\"Dur\u00e9e de lecture estim\u00e9e\" \/>\n\t<meta name=\"twitter:data1\" content=\"1 minute\" \/>\n<script type=\"application\/ld+json\" class=\"yoast-schema-graph\">{\"@context\":\"https:\\\/\\\/schema.org\",\"@graph\":[{\"@type\":\"WebPage\",\"@id\":\"https:\\\/\\\/szfertilizermachine.com\\\/projects\\\/\",\"url\":\"https:\\\/\\\/szfertilizermachine.com\\\/projects\\\/\",\"name\":\"Projects - SHUNZHI FERTILIZER MACHINERY\",\"isPartOf\":{\"@id\":\"https:\\\/\\\/szfertilizermachine.com\\\/#website\"},\"datePublished\":\"2021-12-08T20:34:00+00:00\",\"dateModified\":\"2023-03-17T06:39:44+00:00\",\"breadcrumb\":{\"@id\":\"https:\\\/\\\/szfertilizermachine.com\\\/projects\\\/#breadcrumb\"},\"inLanguage\":\"fr-FR\",\"potentialAction\":[{\"@type\":\"ReadAction\",\"target\":[\"https:\\\/\\\/szfertilizermachine.com\\\/projects\\\/\"]}]},{\"@type\":\"BreadcrumbList\",\"@id\":\"https:\\\/\\\/szfertilizermachine.com\\\/projects\\\/#breadcrumb\",\"itemListElement\":[{\"@type\":\"ListItem\",\"position\":1,\"name\":\"Home\",\"item\":\"https:\\\/\\\/szfertilizermachine.com\\\/\"},{\"@type\":\"ListItem\",\"position\":2,\"name\":\"Projects\"}]},{\"@type\":\"WebSite\",\"@id\":\"https:\\\/\\\/szfertilizermachine.com\\\/#website\",\"url\":\"https:\\\/\\\/szfertilizermachine.com\\\/\",\"name\":\"SHUNZHI FERTILIZER MACHINERY\",\"description\":\"SHUNZHI Fertilizer Machine and Production Line\",\"publisher\":{\"@id\":\"https:\\\/\\\/szfertilizermachine.com\\\/#organization\"},\"potentialAction\":[{\"@type\":\"SearchAction\",\"target\":{\"@type\":\"EntryPoint\",\"urlTemplate\":\"https:\\\/\\\/szfertilizermachine.com\\\/?s={search_term_string}\"},\"query-input\":{\"@type\":\"PropertyValueSpecification\",\"valueRequired\":true,\"valueName\":\"search_term_string\"}}],\"inLanguage\":\"fr-FR\"},{\"@type\":\"Organization\",\"@id\":\"https:\\\/\\\/szfertilizermachine.com\\\/#organization\",\"name\":\"SHUNZHI FERTILIZER MACHINERY\",\"url\":\"https:\\\/\\\/szfertilizermachine.com\\\/\",\"logo\":{\"@type\":\"ImageObject\",\"inLanguage\":\"fr-FR\",\"@id\":\"https:\\\/\\\/szfertilizermachine.com\\\/#\\\/schema\\\/logo\\\/image\\\/\",\"url\":\"https:\\\/\\\/szfertilizermachine.com\\\/wp-content\\\/uploads\\\/2025\\\/03\\\/shunzhi-logo-new.png\",\"contentUrl\":\"https:\\\/\\\/szfertilizermachine.com\\\/wp-content\\\/uploads\\\/2025\\\/03\\\/shunzhi-logo-new.png\",\"width\":13758,\"height\":5946,\"caption\":\"SHUNZHI FERTILIZER MACHINERY\"},\"image\":{\"@id\":\"https:\\\/\\\/szfertilizermachine.com\\\/#\\\/schema\\\/logo\\\/image\\\/\"}}]}<\/script>\n<!-- \/ Yoast SEO plugin. -->","yoast_head_json":{"title":"Projets - SHUNZHI FERTILIZER MACHINERY","robots":{"index":"index","follow":"follow","max-snippet":"max-snippet:-1","max-image-preview":"max-image-preview:large","max-video-preview":"max-video-preview:-1"},"canonical":"https:\/\/szfertilizermachine.com\/fr\/projets\/","og_locale":"fr_FR","og_type":"article","og_title":"Projects - SHUNZHI FERTILIZER MACHINERY","og_description":"Features projects Our latest Cases","og_url":"https:\/\/szfertilizermachine.com\/fr\/projets\/","og_site_name":"SHUNZHI FERTILIZER MACHINERY","article_modified_time":"2023-03-17T06:39:44+00:00","twitter_card":"summary_large_image","twitter_misc":{"Dur\u00e9e de lecture estim\u00e9e":"1 minute"},"schema":{"@context":"https:\/\/schema.org","@graph":[{"@type":"WebPage","@id":"https:\/\/szfertilizermachine.com\/projects\/","url":"https:\/\/szfertilizermachine.com\/projects\/","name":"Projets - SHUNZHI FERTILIZER MACHINERY","isPartOf":{"@id":"https:\/\/szfertilizermachine.com\/#website"},"datePublished":"2021-12-08T20:34:00+00:00","dateModified":"2023-03-17T06:39:44+00:00","breadcrumb":{"@id":"https:\/\/szfertilizermachine.com\/projects\/#breadcrumb"},"inLanguage":"fr-FR","potentialAction":[{"@type":"ReadAction","target":["https:\/\/szfertilizermachine.com\/projects\/"]}]},{"@type":"BreadcrumbList","@id":"https:\/\/szfertilizermachine.com\/projects\/#breadcrumb","itemListElement":[{"@type":"ListItem","position":1,"name":"Home","item":"https:\/\/szfertilizermachine.com\/"},{"@type":"ListItem","position":2,"name":"Projects"}]},{"@type":"WebSite","@id":"https:\/\/szfertilizermachine.com\/#website","url":"https:\/\/szfertilizermachine.com\/","name":"SHUNZHI FERTILIZER MACHINERY","description":"Machines et lignes de production d'engrais SHUNZHI","publisher":{"@id":"https:\/\/szfertilizermachine.com\/#organization"},"potentialAction":[{"@type":"SearchAction","target":{"@type":"EntryPoint","urlTemplate":"https:\/\/szfertilizermachine.com\/?s={search_term_string}"},"query-input":{"@type":"PropertyValueSpecification","valueRequired":true,"valueName":"search_term_string"}}],"inLanguage":"fr-FR"},{"@type":"Organization","@id":"https:\/\/szfertilizermachine.com\/#organization","name":"SHUNZHI FERTILIZER MACHINERY","url":"https:\/\/szfertilizermachine.com\/","logo":{"@type":"ImageObject","inLanguage":"fr-FR","@id":"https:\/\/szfertilizermachine.com\/#\/schema\/logo\/image\/","url":"https:\/\/szfertilizermachine.com\/wp-content\/uploads\/2025\/03\/shunzhi-logo-new.png","contentUrl":"https:\/\/szfertilizermachine.com\/wp-content\/uploads\/2025\/03\/shunzhi-logo-new.png","width":13758,"height":5946,"caption":"SHUNZHI FERTILIZER MACHINERY"},"image":{"@id":"https:\/\/szfertilizermachine.com\/#\/schema\/logo\/image\/"}}]}},"_links":{"self":[{"href":"https:\/\/szfertilizermachine.com\/fr\/wp-json\/wp\/v2\/pages\/766","targetHints":{"allow":["GET"]}}],"collection":[{"href":"https:\/\/szfertilizermachine.com\/fr\/wp-json\/wp\/v2\/pages"}],"about":[{"href":"https:\/\/szfertilizermachine.com\/fr\/wp-json\/wp\/v2\/types\/page"}],"author":[{"embeddable":true,"href":"https:\/\/szfertilizermachine.com\/fr\/wp-json\/wp\/v2\/users\/1"}],"replies":[{"embeddable":true,"href":"https:\/\/szfertilizermachine.com\/fr\/wp-json\/wp\/v2\/comments?post=766"}],"version-history":[{"count":8,"href":"https:\/\/szfertilizermachine.com\/fr\/wp-json\/wp\/v2\/pages\/766\/revisions"}],"predecessor-version":[{"id":2257,"href":"https:\/\/szfertilizermachine.com\/fr\/wp-json\/wp\/v2\/pages\/766\/revisions\/2257"}],"wp:attachment":[{"href":"https:\/\/szfertilizermachine.com\/fr\/wp-json\/wp\/v2\/media?parent=766"}],"curies":[{"name":"wp","href":"https:\/\/api.w.org\/{rel}","templated":true}]}}