{"id":764,"date":"2021-12-08T20:33:17","date_gmt":"2021-12-08T20:33:17","guid":{"rendered":"https:\/\/gpsites.co\/construction\/?page_id=31"},"modified":"2023-03-17T14:52:23","modified_gmt":"2023-03-17T06:52:23","slug":"sirket","status":"publish","type":"page","link":"https:\/\/szfertilizermachine.com\/tr\/company\/","title":{"rendered":"\u015eirket"},"content":{"rendered":"<div class=\"gb-container gb-container-e36cb5b5\"><div class=\"gb-inside-container\">\n\n<h2 class=\"gb-headline gb-headline-f06754a0 gb-headline-text\">\u015eirketimiz Hakk\u0131nda<\/h2>\n\n<\/div><\/div>\n\n<div class=\"gb-container gb-container-d35ae499\"><div class=\"gb-inside-container\">\n\n<p class=\"gb-headline gb-headline-9f5bb24c gb-headline-text\"> G\u00fcbre \u00fcretim hatt\u0131 ve t\u00fcm yard\u0131mc\u0131 \u00fcr\u00fcnlerin lider \u00fcreticisi olarak Shunzhi, sizin i\u00e7in en kaliteli \u00fcr\u00fcnleri ve s\u0131cak hizmetleri sunmaya \u00e7al\u0131\u015fmaktad\u0131r. T\u00fcm g\u00fcbre pazar\u0131na 30 y\u0131l\u0131 a\u015fk\u0131n s\u00fcredir liderlik ediyoruz. Bize g\u00fcvenin ve asla yan\u0131lmayacaks\u0131n\u0131z. <\/p>\n\n\n<div class=\"gb-grid-wrapper gb-grid-wrapper-a301a3e5\">\n<div class=\"gb-grid-column gb-grid-column-01b6276d\"><div class=\"gb-container gb-container-01b6276d\"><div class=\"gb-inside-container\">\n\n<h5 class=\"gb-headline gb-headline-ebe21408\"><span class=\"gb-icon\"><svg height=\"512\" width=\"512\" viewbox=\"0 0 24 24\" data-name=\"Layer 1\" id=\"Layer_1\" xmlns=\"http:\/\/www.w3.org\/2000\/svg\"><path d=\"M12,16a4,4,0,1,1,4-4A4,4,0,0,1,12,16ZM5.683,16H1a1,1,0,0,1-1-1A6.022,6.022,0,0,1,5.131,9.084a1,1,0,0,1,1.1,1.266A6.009,6.009,0,0,0,6,12a5.937,5.937,0,0,0,.586,2.57,1,1,0,0,1-.9,1.43ZM17,24H7a1,1,0,0,1-1-1,6,6,0,0,1,12,0A1,1,0,0,1,17,24ZM18,8a4,4,0,1,1,4-4A4,4,0,0,1,18,8ZM6,8a4,4,0,1,1,4-4A4,4,0,0,1,6,8Zm17,8H18.317a1,1,0,0,1-.9-1.43A5.937,5.937,0,0,0,18,12a6.009,6.009,0,0,0-.236-1.65,1,1,0,0,1,1.105-1.266A6.022,6.022,0,0,1,24,15,1,1,0,0,1,23,16Z\"><\/path><\/svg><\/span><span class=\"gb-headline-text\">Profesyonel Ekip<\/span><\/h5>\n\n\n\n<p class=\"gb-headline gb-headline-48d0148f gb-headline-text\">Henan Shunzhi, \u00fcretim ekibi, montaj ekibi, sat\u0131\u015f ekibi ve profesyonel m\u00fchendis ekibi dahil olmak \u00fczere binlerce \u00e7al\u0131\u015fana sahiptir.<\/p>\n\n<\/div><\/div><\/div>\n\n<div class=\"gb-grid-column gb-grid-column-fd2ea4f2\"><div class=\"gb-container gb-container-fd2ea4f2\"><div class=\"gb-inside-container\">\n\n<h5 class=\"gb-headline gb-headline-a858c3d9\"><span class=\"gb-icon\"><svg data-name=\"Layer 1\" xmlns=\"http:\/\/www.w3.org\/2000\/svg\" width=\"512\" viewbox=\"0 0 24 24\" height=\"512\" id=\"Layer_1\"><path d=\"m14.6 21.3c-.3.226-.619.464-.89.7h2.29a1 1 0 0 1 0 2h-4a1 1 0 0 1 -1-1c0-1.5 1.275-2.456 2.4-3.3.75-.562 1.6-1.2 1.6-1.7a1 1 0 0 0 -2 0 1 1 0 0 1 -2 0 3 3 0 0 1 6 0c0 1.5-1.275 2.456-2.4 3.3zm8.4-6.3a1 1 0 0 0 -1 1v3h-1a1 1 0 0 1 -1-1v-2a1 1 0 0 0 -2 0v2a3 3 0 0 0 3 3h1v2a1 1 0 0 0 2 0v-7a1 1 0 0 0 -1-1zm-10-3v-5a1 1 0 0 0 -2 0v4h-3a1 1 0 0 0 0 2h4a1 1 0 0 0 1-1zm10-10a1 1 0 0 0 -1 1v2.374a12 12 0 1 0 -14.364 17.808 1.015 1.015 0 0 0 .364.068 1 1 0 0 0 .364-1.932 10 10 0 1 1 12.272-14.318h-2.636a1 1 0 0 0 0 2h3a3 3 0 0 0 3-3v-3a1 1 0 0 0 -1-1z\"><\/path><\/svg><\/span><span class=\"gb-headline-text\">M\u00fc\u015fteri Hizmetleri<\/span><\/h5>\n\n\n\n<p class=\"gb-headline gb-headline-a4092bfc gb-headline-text\">Henan Shunzhi, m\u00fc\u015fterilerine yaln\u0131zca ba\u011f\u0131ms\u0131z ekipman sa\u011flamakla kalmaz, ayn\u0131 zamanda m\u00fc\u015fterilerine sat\u0131\u015f sonras\u0131 servis ekibi de sa\u011flar.<\/p>\n\n<\/div><\/div><\/div>\n\n<div class=\"gb-grid-column gb-grid-column-c494b1ba\"><div class=\"gb-container gb-container-c494b1ba\"><div class=\"gb-inside-container\">\n\n<h5 class=\"gb-headline gb-headline-2a0fdda3\"><span class=\"gb-icon\"><svg height=\"512\" width=\"512\" viewbox=\"0 0 24 24\" data-name=\"Layer 1\" id=\"Layer_1\" xmlns=\"http:\/\/www.w3.org\/2000\/svg\"><path d=\"M20,3c0-1.654-1.346-3-3-3H3C1.346,0,0,1.346,0,3v2c0,1.654,1.346,3,3,3h14c1.654,0,3-1.346,3-3,1.103,0,2,.897,2,2v1c0,1.103-.897,2-2,2h-7c-2.206,0-4,1.794-4,4v.184c-1.161,.414-2,1.514-2,2.816v4c0,1.654,1.346,3,3,3s3-1.346,3-3v-4c0-1.302-.839-2.402-2-2.816v-.184c0-1.103,.897-2,2-2h7c2.206,0,4-1.794,4-4v-1c0-2.206-1.794-4-4-4Zm-2,2c0,.552-.449,1-1,1H3c-.551,0-1-.448-1-1V3c0-.552,.449-1,1-1h14c.551,0,1,.448,1,1v2Zm-7,16c0,.552-.449,1-1,1s-1-.448-1-1v-4c0-.552,.449-1,1-1s1,.448,1,1v4Z\"><\/path><\/svg><\/span><span class=\"gb-headline-text\">Bak\u0131m<\/span><\/h5>\n\n\n\n<p class=\"gb-headline gb-headline-0fdd292e gb-headline-text\">M\u00fc\u015fterilerin pratik \u00e7\u0131karlar\u0131n\u0131 sa\u011flamak i\u00e7in Henan Shunzhi Machinery, \u00fcr\u00fcnlerimizin kalitesini s\u0131k\u0131 bir \u015fekilde kontrol etmektedir.<\/p>\n\n<\/div><\/div><\/div>\n<\/div>\n<\/div><\/div>\n\n<div class=\"gb-container gb-container-8e0e7af0\"><div class=\"gb-inside-container\">\n<div class=\"gb-grid-wrapper gb-grid-wrapper-be11a1dd\">\n<div class=\"gb-grid-column gb-grid-column-c3eb1f83\"><div class=\"gb-container gb-container-c3eb1f83\"><div class=\"gb-inside-container\">\n\n<figure class=\"gb-block-image gb-block-image-185a2c11\"><img decoding=\"async\" width=\"500\" height=\"400\" class=\"gb-image gb-image-185a2c11\" src=\"https:\/\/szfertilizermachine.com\/wp-content\/uploads\/2022\/08\/sheep-manure-fertilizer-production-line.jpg\" alt=\"\" title=\"koyun-g\u00fcbre-\u00fcretim-hatti\" srcset=\"https:\/\/szfertilizermachine.com\/wp-content\/uploads\/2022\/08\/sheep-manure-fertilizer-production-line.jpg 500w, https:\/\/szfertilizermachine.com\/wp-content\/uploads\/2022\/08\/sheep-manure-fertilizer-production-line-300x240.jpg 300w\" sizes=\"(max-width: 500px) 100vw, 500px\" \/><\/figure>\n\n<\/div><\/div><\/div>\n\n<div class=\"gb-grid-column gb-grid-column-f1dfc26b\"><div class=\"gb-container gb-container-f1dfc26b\"><div class=\"gb-inside-container\">\n\n<figure class=\"gb-block-image gb-block-image-c5c24791\"><img decoding=\"async\" width=\"500\" height=\"400\" class=\"gb-image gb-image-c5c24791\" src=\"https:\/\/szfertilizermachine.com\/wp-content\/uploads\/2022\/08\/line.jpg\" alt=\"\" title=\"hat\" srcset=\"https:\/\/szfertilizermachine.com\/wp-content\/uploads\/2022\/08\/line.jpg 500w, https:\/\/szfertilizermachine.com\/wp-content\/uploads\/2022\/08\/line-300x240.jpg 300w\" sizes=\"(max-width: 500px) 100vw, 500px\" \/><\/figure>\n\n<\/div><\/div><\/div>\n\n<div class=\"gb-grid-column gb-grid-column-abbf067f\"><div class=\"gb-container gb-container-abbf067f\"><div class=\"gb-inside-container\">\n\n<figure class=\"gb-block-image gb-block-image-be6819a8\"><img decoding=\"async\" width=\"500\" height=\"400\" class=\"gb-image gb-image-be6819a8\" src=\"https:\/\/szfertilizermachine.com\/wp-content\/uploads\/2022\/08\/production-line-1.jpg\" alt=\"\" title=\"\u00fcretim hatt\u0131\" srcset=\"https:\/\/szfertilizermachine.com\/wp-content\/uploads\/2022\/08\/production-line-1.jpg 500w, https:\/\/szfertilizermachine.com\/wp-content\/uploads\/2022\/08\/production-line-1-300x240.jpg 300w\" sizes=\"(max-width: 500px) 100vw, 500px\" \/><\/figure>\n\n<\/div><\/div><\/div>\n\n<div class=\"gb-grid-column gb-grid-column-2b7e449b\"><div class=\"gb-container gb-container-2b7e449b\"><div class=\"gb-inside-container\">\n\n<figure class=\"gb-block-image gb-block-image-a3092ced\"><img decoding=\"async\" width=\"500\" height=\"400\" class=\"gb-image gb-image-a3092ced\" src=\"https:\/\/szfertilizermachine.com\/wp-content\/uploads\/2022\/08\/compost-turner.jpg\" alt=\"\" title=\"kompost-turner\" srcset=\"https:\/\/szfertilizermachine.com\/wp-content\/uploads\/2022\/08\/compost-turner.jpg 500w, https:\/\/szfertilizermachine.com\/wp-content\/uploads\/2022\/08\/compost-turner-300x240.jpg 300w\" sizes=\"(max-width: 500px) 100vw, 500px\" \/><\/figure>\n\n<\/div><\/div><\/div>\n\n<div class=\"gb-grid-column gb-grid-column-b9d9238f\"><div class=\"gb-container gb-container-b9d9238f\"><div class=\"gb-inside-container\">\n\n<figure class=\"gb-block-image gb-block-image-b281d960\"><img decoding=\"async\" width=\"500\" height=\"400\" class=\"gb-image gb-image-b281d960\" src=\"https:\/\/szfertilizermachine.com\/wp-content\/uploads\/2022\/08\/chain-crusher-1.jpg\" alt=\"\" title=\"zincir-k\u0131r\u0131c\u0131\" srcset=\"https:\/\/szfertilizermachine.com\/wp-content\/uploads\/2022\/08\/chain-crusher-1.jpg 500w, https:\/\/szfertilizermachine.com\/wp-content\/uploads\/2022\/08\/chain-crusher-1-300x240.jpg 300w\" sizes=\"(max-width: 500px) 100vw, 500px\" \/><\/figure>\n\n<\/div><\/div><\/div>\n\n<div class=\"gb-grid-column gb-grid-column-bb27d2e7\"><div class=\"gb-container gb-container-bb27d2e7\"><div class=\"gb-inside-container\">\n\n<figure class=\"gb-block-image gb-block-image-91ceb650\"><img decoding=\"async\" width=\"500\" height=\"400\" class=\"gb-image gb-image-91ceb650\" src=\"https:\/\/szfertilizermachine.com\/wp-content\/uploads\/2022\/08\/chain-plate-fertilizer-compost-machine.jpg\" alt=\"\" title=\"zincir-plaka-g\u00fcbre-kompost-makinesi\" srcset=\"https:\/\/szfertilizermachine.com\/wp-content\/uploads\/2022\/08\/chain-plate-fertilizer-compost-machine.jpg 500w, https:\/\/szfertilizermachine.com\/wp-content\/uploads\/2022\/08\/chain-plate-fertilizer-compost-machine-300x240.jpg 300w\" sizes=\"(max-width: 500px) 100vw, 500px\" \/><\/figure>\n\n<\/div><\/div><\/div>\n<\/div>\n<\/div><\/div>\n\n<div class=\"gb-container gb-container-562aef2a\"><div class=\"gb-inside-container\">\n<div class=\"gb-grid-wrapper gb-grid-wrapper-d91c416d\">\n<div class=\"gb-grid-column gb-grid-column-adfe7938\"><div class=\"gb-container gb-container-adfe7938\"><div class=\"gb-inside-container\">\n\n<h4 class=\"gb-headline gb-headline-41fa7eca gb-headline-text\">Genel Bak\u0131\u015f<\/h4>\n\n<\/div><\/div><\/div>\n\n<div class=\"gb-grid-column gb-grid-column-2aafe08b\"><div class=\"gb-container gb-container-2aafe08b\"><div class=\"gb-inside-container\">\n\n<p id=\"cs\">Henan Shunzhi Machinery Co, Ltd \u00c7in'de g\u00fcbre ekipmanlar\u0131n\u0131n lider \u00fcreticisidir. \u015eirket, modern \u00fcretim yeteneklerine ve profesyonel m\u00fchendislerden olu\u015fan m\u00fckemmel bir Ar-Ge ekibine sahiptir. Kurulu\u015fundan bu yana, \u00fcr\u00fcnlerin d\u00fcnyan\u0131n ileri seviyesine ula\u015fabilmesi i\u00e7in yeni \u00fcr\u00fcnlerin ve yeni teknolojilerin ara\u015ft\u0131r\u0131lmas\u0131 ve geli\u015ftirilmesine kendini adam\u0131\u015ft\u0131r.<\/p>\n\n\n\n<p id=\"cs\">Sadece g\u00fcbre k\u0131r\u0131c\u0131lar, g\u00fcbre kar\u0131\u015ft\u0131r\u0131c\u0131lar, g\u00fcbre gran\u00fclat\u00f6rleri, g\u00fcbre kurutucular, g\u00fcbre eleme makineleri, g\u00fcbre tornalama makineleri ve di\u011fer ekipmanlar dahil olmak \u00fczere eksiksiz bir g\u00fcbre ekipman\u0131 yelpazesi sa\u011flamakla kalm\u0131yor, ayn\u0131 zamanda genel \u00e7\u00f6z\u00fcmler de sunuyoruz. \u00d6zellikle, uzun y\u0131llara dayanan profesyonel deneyime dayanarak geli\u015ftirilen organik g\u00fcbre \u00fcretim hatt\u0131 bir\u00e7ok m\u00fc\u015fteri taraf\u0131ndan kabul g\u00f6rm\u00fc\u015ft\u00fcr.<\/p>\n\n<\/div><\/div><\/div>\n<\/div>\n<\/div><\/div>\n\n<div class=\"gb-container gb-container-5bf3e37c\"><div class=\"gb-inside-container\">\n<div class=\"gb-grid-wrapper gb-grid-wrapper-21c2f5b0\">\n<div class=\"gb-grid-column gb-grid-column-a89b56e6\"><div class=\"gb-container gb-container-a89b56e6\"><div class=\"gb-inside-container\">\n\n<figure class=\"gb-block-image gb-block-image-e996e617\"><img decoding=\"async\" width=\"500\" height=\"400\" class=\"gb-image gb-image-e996e617\" src=\"https:\/\/szfertilizermachine.com\/wp-content\/uploads\/2022\/08\/crawler-type-compost-turner-1.jpg\" alt=\"\" title=\"paletli tip kompost \u00e7evirici\" srcset=\"https:\/\/szfertilizermachine.com\/wp-content\/uploads\/2022\/08\/crawler-type-compost-turner-1.jpg 500w, https:\/\/szfertilizermachine.com\/wp-content\/uploads\/2022\/08\/crawler-type-compost-turner-1-300x240.jpg 300w\" sizes=\"(max-width: 500px) 100vw, 500px\" \/><\/figure>\n\n\n\n<figure class=\"gb-block-image gb-block-image-59a799f3\"><img decoding=\"async\" width=\"500\" height=\"400\" class=\"gb-image gb-image-59a799f3\" src=\"https:\/\/szfertilizermachine.com\/wp-content\/uploads\/2022\/08\/conveying-belt.jpg\" alt=\"\" title=\"ta\u015f\u0131ma band\u0131\" srcset=\"https:\/\/szfertilizermachine.com\/wp-content\/uploads\/2022\/08\/conveying-belt.jpg 500w, https:\/\/szfertilizermachine.com\/wp-content\/uploads\/2022\/08\/conveying-belt-300x240.jpg 300w\" sizes=\"(max-width: 500px) 100vw, 500px\" \/><\/figure>\n\n<\/div><\/div><\/div>\n\n<div class=\"gb-grid-column gb-grid-column-83f9e375\"><div class=\"gb-container gb-container-83f9e375\"><div class=\"gb-inside-container\"><\/div><\/div><\/div>\n\n<div class=\"gb-grid-column gb-grid-column-e5a2a644\"><div class=\"gb-container gb-container-e5a2a644\"><div class=\"gb-inside-container\">\n\n<figure class=\"gb-block-image gb-block-image-3eeca994\"><img decoding=\"async\" width=\"500\" height=\"400\" class=\"gb-image gb-image-3eeca994\" src=\"https:\/\/szfertilizermachine.com\/wp-content\/uploads\/2022\/08\/fermentation-cylinder-1.jpg\" alt=\"\" title=\"fermantasyon-silindir\" srcset=\"https:\/\/szfertilizermachine.com\/wp-content\/uploads\/2022\/08\/fermentation-cylinder-1.jpg 500w, https:\/\/szfertilizermachine.com\/wp-content\/uploads\/2022\/08\/fermentation-cylinder-1-300x240.jpg 300w\" sizes=\"(max-width: 500px) 100vw, 500px\" \/><\/figure>\n\n\n\n<figure class=\"gb-block-image gb-block-image-22712043\"><img decoding=\"async\" width=\"500\" height=\"400\" class=\"gb-image gb-image-22712043\" src=\"https:\/\/szfertilizermachine.com\/wp-content\/uploads\/2022\/08\/fertilizer-fermentation-cylinder.jpg\" alt=\"\" title=\"g\u00fcbre-fermantasyon-silindiri\" srcset=\"https:\/\/szfertilizermachine.com\/wp-content\/uploads\/2022\/08\/fertilizer-fermentation-cylinder.jpg 500w, https:\/\/szfertilizermachine.com\/wp-content\/uploads\/2022\/08\/fertilizer-fermentation-cylinder-300x240.jpg 300w\" sizes=\"(max-width: 500px) 100vw, 500px\" \/><\/figure>\n\n<\/div><\/div><\/div>\n<\/div>\n<\/div><\/div>\n\n<div class=\"gb-container gb-container-946e073e\"><div class=\"gb-inside-container\">\n<div class=\"gb-grid-wrapper gb-grid-wrapper-d04a366e\">\n<div class=\"gb-grid-column gb-grid-column-086bb1ef\"><div class=\"gb-container gb-container-086bb1ef\"><div class=\"gb-inside-container\">\n\n<h4 class=\"gb-headline gb-headline-c1a5abcb gb-headline-text\">\u00c7\u00f6z\u00fcm<\/h4>\n\n<\/div><\/div><\/div>\n\n<div class=\"gb-grid-column gb-grid-column-57a11d49\"><div class=\"gb-container gb-container-57a11d49\"><div class=\"gb-inside-container\">\n\n<p>\u00dcr\u00fcnlerimiz \u00e7iftlik g\u00fcbresi, organik g\u00fcbre \u00fcretimi ve di\u011fer alanlarda yayg\u0131n olarak kullan\u0131lmaktad\u0131r. Henan Shunzhi'nin ekipmanlar\u0131 d\u00fcnyada 100'den fazla \u00fclke ve b\u00f6lgeye ihra\u00e7 edilmektedir. Amac\u0131m\u0131z, d\u00fcnyan\u0131n d\u00f6rt bir yan\u0131ndaki m\u00fc\u015fterilere g\u00fcvenilir \u00fcr\u00fcn ve hizmetler sunmak ve m\u00fc\u015fteriler i\u00e7in de\u011fer yaratmakt\u0131r.<\/p>\n\n\n<div class=\"gb-grid-wrapper gb-grid-wrapper-d3d6aa69\">\n<div class=\"gb-grid-column gb-grid-column-89b058e0\"><div class=\"gb-container gb-container-89b058e0\"><div class=\"gb-inside-container\">\n\n<h2 class=\"gb-headline gb-headline-30c206c4 gb-headline-text\">8,125<\/h2>\n\n\n\n<p class=\"gb-headline gb-headline-21f61cb8 gb-headline-text\">tamamlanan projeler<\/p>\n\n<\/div><\/div><\/div>\n\n<div class=\"gb-grid-column gb-grid-column-570123bb\"><div class=\"gb-container gb-container-570123bb\"><div class=\"gb-inside-container\">\n\n<h2 class=\"gb-headline gb-headline-761aa301 gb-headline-text\">5,647<\/h2>\n\n\n\n<p class=\"gb-headline gb-headline-77ef5909 gb-headline-text\">Memnun m\u00fc\u015fteriler<\/p>\n\n<\/div><\/div><\/div>\n\n<div class=\"gb-grid-column gb-grid-column-a17e3619\"><div class=\"gb-container gb-container-a17e3619\"><div class=\"gb-inside-container\">\n\n<h2 class=\"gb-headline gb-headline-556192c0 gb-headline-text\">31<\/h2>\n\n\n\n<p class=\"gb-headline gb-headline-4174e474 gb-headline-text\">ortaklar<\/p>\n\n<\/div><\/div><\/div>\n<\/div>\n<\/div><\/div><\/div>\n<\/div>\n<\/div><\/div>\n\n<div class=\"gb-container gb-container-9152c0bb\"><div class=\"gb-inside-container\">\n\n<h4 class=\"gb-headline gb-headline-9364063c gb-headline-text\">M\u00fc\u015fteri referanslar\u0131<\/h4>\n\n\n<div class=\"gb-grid-wrapper gb-grid-wrapper-40a4fd8b\">\n<div class=\"gb-grid-column gb-grid-column-1f35931f\"><div class=\"gb-container gb-container-1f35931f\"><div class=\"gb-inside-container\">\n\n<p class=\"gb-headline gb-headline-302be705 gb-headline-text\"><em>Hayvan at\u0131klar\u0131n\u0131 g\u00fcbreye d\u00f6n\u00fc\u015ft\u00fcrmek \u00fczere bir i\u015f kurmak i\u00e7in 2 y\u0131l \u00f6nce Shunzhi'den 20 t\/h organik g\u00fcbre \u00fcretim hatt\u0131 sat\u0131n ald\u0131k. T\u00fcm Shunzhi \u00fcyeleri kesinlikle profesyonel. Sat\u0131\u015f \u00f6ncesi hizmet ekibi, kar\u015f\u0131la\u015ft\u0131\u011f\u0131m\u0131z her t\u00fcrl\u00fc soruyu \u00e7\u00f6zd\u00fc ve fabrika d\u00fczenimize ve i\u015f kapasitemize g\u00f6re bize d\u00fc\u015f\u00fcnceli bir planlama tasar\u0131m\u0131 yapt\u0131. Makineler sorunsuz \u00e7al\u0131\u015f\u0131yor ve verimlilik \u00e7ok y\u00fcksek. Shunzhi g\u00fcbre i\u015fleme ekipmanlar\u0131n\u0131 tavsiye edin!  <\/em><\/p>\n\n\n\n<p class=\"gb-headline gb-headline-c50e942b gb-headline-text\"><strong>Andrew Mason<\/strong> (\u015eirket CEO'su)<\/p>\n\n<\/div><\/div><\/div>\n<\/div>\n<\/div><\/div>","protected":false},"excerpt":{"rendered":"<p>About Our Company As a leading manufacturer of fertilizer production line and all auxiliary products, &#8230; <a title=\"\u015eirket\" class=\"read-more\" href=\"https:\/\/szfertilizermachine.com\/tr\/company\/\" aria-label=\"Read more about Company\">Read more<\/a><\/p>","protected":false},"author":1,"featured_media":0,"parent":0,"menu_order":0,"comment_status":"closed","ping_status":"closed","template":"","meta":{"footnotes":""},"class_list":["post-764","page","type-page","status-publish"],"yoast_head":"<!-- This site is optimized with the Yoast SEO plugin v27.4 - https:\/\/yoast.com\/product\/yoast-seo-wordpress\/ -->\n<title>Company - SHUNZHI FERTILIZER MACHINERY<\/title>\n<meta name=\"robots\" content=\"index, follow, max-snippet:-1, max-image-preview:large, max-video-preview:-1\" \/>\n<link rel=\"canonical\" href=\"https:\/\/szfertilizermachine.com\/tr\/sirket\/\" \/>\n<meta property=\"og:locale\" content=\"tr_TR\" \/>\n<meta property=\"og:type\" content=\"article\" \/>\n<meta property=\"og:title\" content=\"Company - SHUNZHI FERTILIZER MACHINERY\" \/>\n<meta property=\"og:description\" content=\"About Our Company As a leading manufacturer of fertilizer production line and all auxiliary products, ... Read more\" \/>\n<meta property=\"og:url\" content=\"https:\/\/szfertilizermachine.com\/tr\/sirket\/\" \/>\n<meta property=\"og:site_name\" content=\"SHUNZHI FERTILIZER MACHINERY\" \/>\n<meta property=\"article:modified_time\" content=\"2023-03-17T06:52:23+00:00\" \/>\n<meta property=\"og:image\" content=\"https:\/\/szfertilizermachine.com\/wp-content\/uploads\/2022\/08\/sheep-manure-fertilizer-production-line.jpg\" \/>\n<meta name=\"twitter:card\" content=\"summary_large_image\" \/>\n<meta name=\"twitter:label1\" content=\"Tahmini okuma s\u00fcresi\" \/>\n\t<meta name=\"twitter:data1\" content=\"4 dakika\" \/>\n<script type=\"application\/ld+json\" class=\"yoast-schema-graph\">{\"@context\":\"https:\\\/\\\/schema.org\",\"@graph\":[{\"@type\":\"WebPage\",\"@id\":\"https:\\\/\\\/szfertilizermachine.com\\\/company\\\/\",\"url\":\"https:\\\/\\\/szfertilizermachine.com\\\/company\\\/\",\"name\":\"Company - SHUNZHI FERTILIZER MACHINERY\",\"isPartOf\":{\"@id\":\"https:\\\/\\\/szfertilizermachine.com\\\/#website\"},\"primaryImageOfPage\":{\"@id\":\"https:\\\/\\\/szfertilizermachine.com\\\/company\\\/#primaryimage\"},\"image\":{\"@id\":\"https:\\\/\\\/szfertilizermachine.com\\\/company\\\/#primaryimage\"},\"thumbnailUrl\":\"https:\\\/\\\/szfertilizermachine.com\\\/wp-content\\\/uploads\\\/2022\\\/08\\\/sheep-manure-fertilizer-production-line.jpg\",\"datePublished\":\"2021-12-08T20:33:17+00:00\",\"dateModified\":\"2023-03-17T06:52:23+00:00\",\"breadcrumb\":{\"@id\":\"https:\\\/\\\/szfertilizermachine.com\\\/company\\\/#breadcrumb\"},\"inLanguage\":\"tr\",\"potentialAction\":[{\"@type\":\"ReadAction\",\"target\":[\"https:\\\/\\\/szfertilizermachine.com\\\/company\\\/\"]}]},{\"@type\":\"ImageObject\",\"inLanguage\":\"tr\",\"@id\":\"https:\\\/\\\/szfertilizermachine.com\\\/company\\\/#primaryimage\",\"url\":\"https:\\\/\\\/szfertilizermachine.com\\\/wp-content\\\/uploads\\\/2022\\\/08\\\/sheep-manure-fertilizer-production-line.jpg\",\"contentUrl\":\"https:\\\/\\\/szfertilizermachine.com\\\/wp-content\\\/uploads\\\/2022\\\/08\\\/sheep-manure-fertilizer-production-line.jpg\"},{\"@type\":\"BreadcrumbList\",\"@id\":\"https:\\\/\\\/szfertilizermachine.com\\\/company\\\/#breadcrumb\",\"itemListElement\":[{\"@type\":\"ListItem\",\"position\":1,\"name\":\"Home\",\"item\":\"https:\\\/\\\/szfertilizermachine.com\\\/\"},{\"@type\":\"ListItem\",\"position\":2,\"name\":\"Company\"}]},{\"@type\":\"WebSite\",\"@id\":\"https:\\\/\\\/szfertilizermachine.com\\\/#website\",\"url\":\"https:\\\/\\\/szfertilizermachine.com\\\/\",\"name\":\"SHUNZHI FERTILIZER MACHINERY\",\"description\":\"SHUNZHI Fertilizer Machine and Production Line\",\"publisher\":{\"@id\":\"https:\\\/\\\/szfertilizermachine.com\\\/#organization\"},\"potentialAction\":[{\"@type\":\"SearchAction\",\"target\":{\"@type\":\"EntryPoint\",\"urlTemplate\":\"https:\\\/\\\/szfertilizermachine.com\\\/?s={search_term_string}\"},\"query-input\":{\"@type\":\"PropertyValueSpecification\",\"valueRequired\":true,\"valueName\":\"search_term_string\"}}],\"inLanguage\":\"tr\"},{\"@type\":\"Organization\",\"@id\":\"https:\\\/\\\/szfertilizermachine.com\\\/#organization\",\"name\":\"SHUNZHI FERTILIZER MACHINERY\",\"url\":\"https:\\\/\\\/szfertilizermachine.com\\\/\",\"logo\":{\"@type\":\"ImageObject\",\"inLanguage\":\"tr\",\"@id\":\"https:\\\/\\\/szfertilizermachine.com\\\/#\\\/schema\\\/logo\\\/image\\\/\",\"url\":\"https:\\\/\\\/szfertilizermachine.com\\\/wp-content\\\/uploads\\\/2025\\\/03\\\/shunzhi-logo-new.png\",\"contentUrl\":\"https:\\\/\\\/szfertilizermachine.com\\\/wp-content\\\/uploads\\\/2025\\\/03\\\/shunzhi-logo-new.png\",\"width\":13758,\"height\":5946,\"caption\":\"SHUNZHI FERTILIZER MACHINERY\"},\"image\":{\"@id\":\"https:\\\/\\\/szfertilizermachine.com\\\/#\\\/schema\\\/logo\\\/image\\\/\"}}]}<\/script>\n<!-- \/ Yoast SEO plugin. -->","yoast_head_json":{"title":"\u015eirket - SHUNZHI FERTILIZER MACHINERY","robots":{"index":"index","follow":"follow","max-snippet":"max-snippet:-1","max-image-preview":"max-image-preview:large","max-video-preview":"max-video-preview:-1"},"canonical":"https:\/\/szfertilizermachine.com\/tr\/sirket\/","og_locale":"tr_TR","og_type":"article","og_title":"Company - SHUNZHI FERTILIZER MACHINERY","og_description":"About Our Company As a leading manufacturer of fertilizer production line and all auxiliary products, ... Read more","og_url":"https:\/\/szfertilizermachine.com\/tr\/sirket\/","og_site_name":"SHUNZHI FERTILIZER MACHINERY","article_modified_time":"2023-03-17T06:52:23+00:00","og_image":[{"url":"https:\/\/szfertilizermachine.com\/wp-content\/uploads\/2022\/08\/sheep-manure-fertilizer-production-line.jpg","type":"","width":"","height":""}],"twitter_card":"summary_large_image","twitter_misc":{"Tahmini okuma s\u00fcresi":"4 dakika"},"schema":{"@context":"https:\/\/schema.org","@graph":[{"@type":"WebPage","@id":"https:\/\/szfertilizermachine.com\/company\/","url":"https:\/\/szfertilizermachine.com\/company\/","name":"\u015eirket - SHUNZHI FERTILIZER MACHINERY","isPartOf":{"@id":"https:\/\/szfertilizermachine.com\/#website"},"primaryImageOfPage":{"@id":"https:\/\/szfertilizermachine.com\/company\/#primaryimage"},"image":{"@id":"https:\/\/szfertilizermachine.com\/company\/#primaryimage"},"thumbnailUrl":"https:\/\/szfertilizermachine.com\/wp-content\/uploads\/2022\/08\/sheep-manure-fertilizer-production-line.jpg","datePublished":"2021-12-08T20:33:17+00:00","dateModified":"2023-03-17T06:52:23+00:00","breadcrumb":{"@id":"https:\/\/szfertilizermachine.com\/company\/#breadcrumb"},"inLanguage":"tr","potentialAction":[{"@type":"ReadAction","target":["https:\/\/szfertilizermachine.com\/company\/"]}]},{"@type":"ImageObject","inLanguage":"tr","@id":"https:\/\/szfertilizermachine.com\/company\/#primaryimage","url":"https:\/\/szfertilizermachine.com\/wp-content\/uploads\/2022\/08\/sheep-manure-fertilizer-production-line.jpg","contentUrl":"https:\/\/szfertilizermachine.com\/wp-content\/uploads\/2022\/08\/sheep-manure-fertilizer-production-line.jpg"},{"@type":"BreadcrumbList","@id":"https:\/\/szfertilizermachine.com\/company\/#breadcrumb","itemListElement":[{"@type":"ListItem","position":1,"name":"Home","item":"https:\/\/szfertilizermachine.com\/"},{"@type":"ListItem","position":2,"name":"Company"}]},{"@type":"WebSite","@id":"https:\/\/szfertilizermachine.com\/#website","url":"https:\/\/szfertilizermachine.com\/","name":"SHUNZHI G\u00dcBRE MAKI\u0307NELERI\u0307","description":"SHUNZHI G\u00fcbre Makine ve \u00dcretim Hatt\u0131","publisher":{"@id":"https:\/\/szfertilizermachine.com\/#organization"},"potentialAction":[{"@type":"SearchAction","target":{"@type":"EntryPoint","urlTemplate":"https:\/\/szfertilizermachine.com\/?s={search_term_string}"},"query-input":{"@type":"PropertyValueSpecification","valueRequired":true,"valueName":"search_term_string"}}],"inLanguage":"tr"},{"@type":"Organization","@id":"https:\/\/szfertilizermachine.com\/#organization","name":"SHUNZHI G\u00dcBRE MAKI\u0307NELERI\u0307","url":"https:\/\/szfertilizermachine.com\/","logo":{"@type":"ImageObject","inLanguage":"tr","@id":"https:\/\/szfertilizermachine.com\/#\/schema\/logo\/image\/","url":"https:\/\/szfertilizermachine.com\/wp-content\/uploads\/2025\/03\/shunzhi-logo-new.png","contentUrl":"https:\/\/szfertilizermachine.com\/wp-content\/uploads\/2025\/03\/shunzhi-logo-new.png","width":13758,"height":5946,"caption":"SHUNZHI FERTILIZER MACHINERY"},"image":{"@id":"https:\/\/szfertilizermachine.com\/#\/schema\/logo\/image\/"}}]}},"_links":{"self":[{"href":"https:\/\/szfertilizermachine.com\/tr\/wp-json\/wp\/v2\/pages\/764","targetHints":{"allow":["GET"]}}],"collection":[{"href":"https:\/\/szfertilizermachine.com\/tr\/wp-json\/wp\/v2\/pages"}],"about":[{"href":"https:\/\/szfertilizermachine.com\/tr\/wp-json\/wp\/v2\/types\/page"}],"author":[{"embeddable":true,"href":"https:\/\/szfertilizermachine.com\/tr\/wp-json\/wp\/v2\/users\/1"}],"replies":[{"embeddable":true,"href":"https:\/\/szfertilizermachine.com\/tr\/wp-json\/wp\/v2\/comments?post=764"}],"version-history":[{"count":17,"href":"https:\/\/szfertilizermachine.com\/tr\/wp-json\/wp\/v2\/pages\/764\/revisions"}],"predecessor-version":[{"id":2742,"href":"https:\/\/szfertilizermachine.com\/tr\/wp-json\/wp\/v2\/pages\/764\/revisions\/2742"}],"wp:attachment":[{"href":"https:\/\/szfertilizermachine.com\/tr\/wp-json\/wp\/v2\/media?parent=764"}],"curies":[{"name":"wp","href":"https:\/\/api.w.org\/{rel}","templated":true}]}}