{"id":767,"date":"2021-12-08T20:34:31","date_gmt":"2021-12-08T20:34:31","guid":{"rendered":"https:\/\/gpsites.co\/construction\/?page_id=39"},"modified":"2022-08-22T00:50:00","modified_gmt":"2022-08-22T00:50:00","slug":"kisiler","status":"publish","type":"page","link":"https:\/\/szfertilizermachine.com\/tr\/contacts\/","title":{"rendered":"\u0130leti\u015fim"},"content":{"rendered":"<div class=\"gb-container gb-container-7108b84c\"><div class=\"gb-inside-container\">\n<div class=\"gb-grid-wrapper gb-grid-wrapper-9378f651\">\n<div class=\"gb-grid-column gb-grid-column-b60c02cd\"><div class=\"gb-container gb-container-b60c02cd\"><div class=\"gb-inside-container\">\n<div class=\"gb-container gb-container-df4358a9\"><div class=\"gb-inside-container\">\n\n<p class=\"gb-headline gb-headline-22bed0ce gb-headline-text\">G\u00fcbre \u00fcretim hatt\u0131n\u0131n ve t\u00fcm yard\u0131mc\u0131 \u00fcr\u00fcnlerin lider \u00fcreticisi olarak Shunzhi, size en kaliteli \u00fcr\u00fcnleri ve s\u0131cak hizmetleri sunmaya \u00e7al\u0131\u015fmaktad\u0131r. T\u00fcm g\u00fcbre pazar\u0131na 30 y\u0131l\u0131 a\u015fk\u0131n s\u00fcredir liderlik ediyoruz. Bize g\u00fcvenin ve asla yan\u0131lmayacaks\u0131n\u0131z.<\/p>\n\n\n\n<h6 class=\"gb-headline gb-headline-547c3593 gb-headline-text\">Konumlar<\/h6>\n\n\n\n<p class=\"gb-headline gb-headline-5ab18be4 gb-headline-text\">Zhengzhou, Henan Eyaleti, \u00c7in<\/p>\n\n\n\n<h6 class=\"gb-headline gb-headline-0bf6d22a gb-headline-text\">Destek talepleri<\/h6>\n\n\n\n<p class=\"gb-headline gb-headline-ba9a5127 gb-headline-text\"><a href=\"mailto:inquiry@szfertimachine.com\">inquiry@szfertimachine.com<\/a><\/p>\n\n<\/div><\/div>\n<\/div><\/div><\/div>\n\n<div class=\"gb-grid-column gb-grid-column-d8739381\"><div class=\"gb-container gb-container-d8739381\"><div class=\"gb-inside-container\">\n\n<h4 class=\"gb-headline gb-headline-16a53bf1 gb-headline-text\">\u0130leti\u015fime Ge\u00e7in<\/h4>\n\n\n\n<div class=\"wp-block-contact-form-7-contact-form-selector\">\n<div class=\"wpcf7 no-js\" id=\"wpcf7-f1570-o1\" lang=\"en-US\" dir=\"ltr\" data-wpcf7-id=\"1570\">\n<div class=\"screen-reader-response\"><p role=\"status\" aria-live=\"polite\" aria-atomic=\"true\"><\/p> <ul><\/ul><\/div>\n<form action=\"\/tr\/wp-json\/wp\/v2\/pages\/767#wpcf7-f1570-o1\" method=\"post\" class=\"wpcf7-form init\" aria-label=\"\u0130leti\u015fim formu\" novalidate=\"novalidate\" data-status=\"init\" data-trp-original-action=\"\/tr\/wp-json\/wp\/v2\/pages\/767#wpcf7-f1570-o1\">\n<fieldset class=\"hidden-fields-container\"><input type=\"hidden\" name=\"_wpcf7\" value=\"1570\" \/><input type=\"hidden\" name=\"_wpcf7_version\" value=\"6.1.5\" \/><input type=\"hidden\" name=\"_wpcf7_locale\" value=\"en_US\" \/><input type=\"hidden\" name=\"_wpcf7_unit_tag\" value=\"wpcf7-f1570-o1\" \/><input type=\"hidden\" name=\"_wpcf7_container_post\" value=\"0\" \/><input type=\"hidden\" name=\"_wpcf7_posted_data_hash\" value=\"\" \/>\n<\/fieldset>\n<p><label><span class=\"wpcf7-form-control-wrap\" data-name=\"your-name\"><input size=\"40\" maxlength=\"400\" class=\"wpcf7-form-control wpcf7-text wpcf7-validates-as-required\" aria-required=\"true\" aria-invalid=\"false\" placeholder=\"\u0130sim*\" value=\"\" type=\"text\" name=\"your-name\" \/><\/span><\/label>\n<\/p>\n<p><label><span class=\"wpcf7-form-control-wrap\" data-name=\"your-email\"><input size=\"40\" maxlength=\"400\" class=\"wpcf7-form-control wpcf7-email wpcf7-validates-as-required wpcf7-text wpcf7-validates-as-email\" aria-required=\"true\" aria-invalid=\"false\" placeholder=\"E-posta*\" value=\"\" type=\"email\" name=\"your-email\" \/><\/span><\/label>\n<\/p>\n<p><label><span class=\"wpcf7-form-control-wrap\" data-name=\"your-tel\"><input size=\"40\" maxlength=\"400\" class=\"wpcf7-form-control wpcf7-tel wpcf7-validates-as-required wpcf7-text wpcf7-validates-as-tel\" aria-required=\"true\" aria-invalid=\"false\" placeholder=\"Telefon*\" value=\"\" type=\"tel\" name=\"your-tel\" \/><\/span><\/label>\n<\/p>\n<p><label><span class=\"wpcf7-form-control-wrap\" data-name=\"your-message\"><textarea cols=\"40\" rows=\"10\" maxlength=\"2000\" class=\"wpcf7-form-control wpcf7-textarea wpcf7-validates-as-required\" aria-required=\"true\" aria-invalid=\"false\" placeholder=\"Mesaj*: 1. Hammaddeniz nedir? 2. Kapasiteniz (t\/h)? (gerekli) NOT: Makinemizin minimum kapasitesi g\u00fcnl\u00fck 1 ton \/ saattir.\" name=\"your-message\"><\/textarea><\/span> <\/label>\n<\/p>\n<p><input class=\"wpcf7-form-control wpcf7-submit has-spinner\" type=\"submit\" value=\"G\u00f6nder\" \/>\n<\/p><input type=\"hidden\" id=\"ct_checkjs_cf7_2f2b265625d76a6704b08093c652fd79\" name=\"ct_checkjs_cf7\" value=\"0\" \/><script >setTimeout(function(){var ct_input_name = \"ct_checkjs_cf7_2f2b265625d76a6704b08093c652fd79\";if (document.getElementById(ct_input_name) !== null) {var ct_input_value = document.getElementById(ct_input_name).value;document.getElementById(ct_input_name).value = document.getElementById(ct_input_name).value.replace(ct_input_value, '0ea078b6444028764e012e4d79bb6a39392dc568847b4db44b8ef7ea9006a54c');}}, 1000);<\/script><input\n                    class=\"apbct_special_field apbct_email_id__wp_contact_form_7\"\n                    name=\"apbct__email_id__wp_contact_form_7\"\n                    aria-label=\"apbct__label_id__wp_contact_form_7\"\n                    type=\"text\" size=\"30\" maxlength=\"200\" autocomplete=\"off\"\n                    value=\"\"\n                \/><input type='hidden' class='wpcf7-pum' value='{\"closepopup\":false,\"closedelay\":0,\"openpopup\":false,\"openpopup_id\":0}' \/><div class=\"wpcf7-response-output\" aria-hidden=\"true\"><\/div>\n<input type=\"hidden\" name=\"trp-form-language\" value=\"tr\"\/><\/form>\n<\/div>\n<\/div>\n\n<\/div><\/div><\/div>\n<\/div>\n<\/div><\/div>","protected":false},"excerpt":{"rendered":"","protected":false},"author":1,"featured_media":0,"parent":0,"menu_order":0,"comment_status":"closed","ping_status":"closed","template":"","meta":{"footnotes":""},"class_list":["post-767","page","type-page","status-publish"],"yoast_head":"<!-- This site is optimized with the Yoast SEO plugin v27.4 - https:\/\/yoast.com\/product\/yoast-seo-wordpress\/ -->\n<title>Contacts - SHUNZHI FERTILIZER MACHINERY<\/title>\n<meta name=\"robots\" content=\"index, follow, max-snippet:-1, max-image-preview:large, max-video-preview:-1\" \/>\n<link rel=\"canonical\" href=\"https:\/\/szfertilizermachine.com\/tr\/kisiler\/\" \/>\n<meta property=\"og:locale\" content=\"tr_TR\" \/>\n<meta property=\"og:type\" content=\"article\" \/>\n<meta property=\"og:title\" content=\"Contacts - SHUNZHI FERTILIZER MACHINERY\" \/>\n<meta property=\"og:url\" content=\"https:\/\/szfertilizermachine.com\/tr\/kisiler\/\" \/>\n<meta property=\"og:site_name\" content=\"SHUNZHI FERTILIZER MACHINERY\" \/>\n<meta property=\"article:modified_time\" content=\"2022-08-22T00:50:00+00:00\" \/>\n<meta name=\"twitter:card\" content=\"summary_large_image\" \/>\n<script type=\"application\/ld+json\" class=\"yoast-schema-graph\">{\"@context\":\"https:\\\/\\\/schema.org\",\"@graph\":[{\"@type\":\"WebPage\",\"@id\":\"https:\\\/\\\/szfertilizermachine.com\\\/contacts\\\/\",\"url\":\"https:\\\/\\\/szfertilizermachine.com\\\/contacts\\\/\",\"name\":\"Contacts - SHUNZHI FERTILIZER MACHINERY\",\"isPartOf\":{\"@id\":\"https:\\\/\\\/szfertilizermachine.com\\\/#website\"},\"datePublished\":\"2021-12-08T20:34:31+00:00\",\"dateModified\":\"2022-08-22T00:50:00+00:00\",\"breadcrumb\":{\"@id\":\"https:\\\/\\\/szfertilizermachine.com\\\/contacts\\\/#breadcrumb\"},\"inLanguage\":\"tr\",\"potentialAction\":[{\"@type\":\"ReadAction\",\"target\":[\"https:\\\/\\\/szfertilizermachine.com\\\/contacts\\\/\"]}]},{\"@type\":\"BreadcrumbList\",\"@id\":\"https:\\\/\\\/szfertilizermachine.com\\\/contacts\\\/#breadcrumb\",\"itemListElement\":[{\"@type\":\"ListItem\",\"position\":1,\"name\":\"Home\",\"item\":\"https:\\\/\\\/szfertilizermachine.com\\\/\"},{\"@type\":\"ListItem\",\"position\":2,\"name\":\"Contacts\"}]},{\"@type\":\"WebSite\",\"@id\":\"https:\\\/\\\/szfertilizermachine.com\\\/#website\",\"url\":\"https:\\\/\\\/szfertilizermachine.com\\\/\",\"name\":\"SHUNZHI FERTILIZER MACHINERY\",\"description\":\"SHUNZHI Fertilizer Machine and Production Line\",\"publisher\":{\"@id\":\"https:\\\/\\\/szfertilizermachine.com\\\/#organization\"},\"potentialAction\":[{\"@type\":\"SearchAction\",\"target\":{\"@type\":\"EntryPoint\",\"urlTemplate\":\"https:\\\/\\\/szfertilizermachine.com\\\/?s={search_term_string}\"},\"query-input\":{\"@type\":\"PropertyValueSpecification\",\"valueRequired\":true,\"valueName\":\"search_term_string\"}}],\"inLanguage\":\"tr\"},{\"@type\":\"Organization\",\"@id\":\"https:\\\/\\\/szfertilizermachine.com\\\/#organization\",\"name\":\"SHUNZHI FERTILIZER MACHINERY\",\"url\":\"https:\\\/\\\/szfertilizermachine.com\\\/\",\"logo\":{\"@type\":\"ImageObject\",\"inLanguage\":\"tr\",\"@id\":\"https:\\\/\\\/szfertilizermachine.com\\\/#\\\/schema\\\/logo\\\/image\\\/\",\"url\":\"https:\\\/\\\/szfertilizermachine.com\\\/wp-content\\\/uploads\\\/2025\\\/03\\\/shunzhi-logo-new.png\",\"contentUrl\":\"https:\\\/\\\/szfertilizermachine.com\\\/wp-content\\\/uploads\\\/2025\\\/03\\\/shunzhi-logo-new.png\",\"width\":13758,\"height\":5946,\"caption\":\"SHUNZHI FERTILIZER MACHINERY\"},\"image\":{\"@id\":\"https:\\\/\\\/szfertilizermachine.com\\\/#\\\/schema\\\/logo\\\/image\\\/\"}}]}<\/script>\n<!-- \/ Yoast SEO plugin. -->","yoast_head_json":{"title":"\u0130leti\u015fim - SHUNZHI FERTILIZER MACHINERY","robots":{"index":"index","follow":"follow","max-snippet":"max-snippet:-1","max-image-preview":"max-image-preview:large","max-video-preview":"max-video-preview:-1"},"canonical":"https:\/\/szfertilizermachine.com\/tr\/kisiler\/","og_locale":"tr_TR","og_type":"article","og_title":"Contacts - SHUNZHI FERTILIZER MACHINERY","og_url":"https:\/\/szfertilizermachine.com\/tr\/kisiler\/","og_site_name":"SHUNZHI FERTILIZER MACHINERY","article_modified_time":"2022-08-22T00:50:00+00:00","twitter_card":"summary_large_image","schema":{"@context":"https:\/\/schema.org","@graph":[{"@type":"WebPage","@id":"https:\/\/szfertilizermachine.com\/contacts\/","url":"https:\/\/szfertilizermachine.com\/contacts\/","name":"\u0130leti\u015fim - SHUNZHI FERTILIZER MACHINERY","isPartOf":{"@id":"https:\/\/szfertilizermachine.com\/#website"},"datePublished":"2021-12-08T20:34:31+00:00","dateModified":"2022-08-22T00:50:00+00:00","breadcrumb":{"@id":"https:\/\/szfertilizermachine.com\/contacts\/#breadcrumb"},"inLanguage":"tr","potentialAction":[{"@type":"ReadAction","target":["https:\/\/szfertilizermachine.com\/contacts\/"]}]},{"@type":"BreadcrumbList","@id":"https:\/\/szfertilizermachine.com\/contacts\/#breadcrumb","itemListElement":[{"@type":"ListItem","position":1,"name":"Home","item":"https:\/\/szfertilizermachine.com\/"},{"@type":"ListItem","position":2,"name":"Contacts"}]},{"@type":"WebSite","@id":"https:\/\/szfertilizermachine.com\/#website","url":"https:\/\/szfertilizermachine.com\/","name":"SHUNZHI G\u00dcBRE MAKI\u0307NELERI\u0307","description":"SHUNZHI G\u00fcbre Makine ve \u00dcretim Hatt\u0131","publisher":{"@id":"https:\/\/szfertilizermachine.com\/#organization"},"potentialAction":[{"@type":"SearchAction","target":{"@type":"EntryPoint","urlTemplate":"https:\/\/szfertilizermachine.com\/?s={search_term_string}"},"query-input":{"@type":"PropertyValueSpecification","valueRequired":true,"valueName":"search_term_string"}}],"inLanguage":"tr"},{"@type":"Organization","@id":"https:\/\/szfertilizermachine.com\/#organization","name":"SHUNZHI G\u00dcBRE MAKI\u0307NELERI\u0307","url":"https:\/\/szfertilizermachine.com\/","logo":{"@type":"ImageObject","inLanguage":"tr","@id":"https:\/\/szfertilizermachine.com\/#\/schema\/logo\/image\/","url":"https:\/\/szfertilizermachine.com\/wp-content\/uploads\/2025\/03\/shunzhi-logo-new.png","contentUrl":"https:\/\/szfertilizermachine.com\/wp-content\/uploads\/2025\/03\/shunzhi-logo-new.png","width":13758,"height":5946,"caption":"SHUNZHI FERTILIZER MACHINERY"},"image":{"@id":"https:\/\/szfertilizermachine.com\/#\/schema\/logo\/image\/"}}]}},"_links":{"self":[{"href":"https:\/\/szfertilizermachine.com\/tr\/wp-json\/wp\/v2\/pages\/767","targetHints":{"allow":["GET"]}}],"collection":[{"href":"https:\/\/szfertilizermachine.com\/tr\/wp-json\/wp\/v2\/pages"}],"about":[{"href":"https:\/\/szfertilizermachine.com\/tr\/wp-json\/wp\/v2\/types\/page"}],"author":[{"embeddable":true,"href":"https:\/\/szfertilizermachine.com\/tr\/wp-json\/wp\/v2\/users\/1"}],"replies":[{"embeddable":true,"href":"https:\/\/szfertilizermachine.com\/tr\/wp-json\/wp\/v2\/comments?post=767"}],"version-history":[{"count":12,"href":"https:\/\/szfertilizermachine.com\/tr\/wp-json\/wp\/v2\/pages\/767\/revisions"}],"predecessor-version":[{"id":1927,"href":"https:\/\/szfertilizermachine.com\/tr\/wp-json\/wp\/v2\/pages\/767\/revisions\/1927"}],"wp:attachment":[{"href":"https:\/\/szfertilizermachine.com\/tr\/wp-json\/wp\/v2\/media?parent=767"}],"curies":[{"name":"wp","href":"https:\/\/api.w.org\/{rel}","templated":true}]}}